{"id":9135,"date":"2023-09-02T14:57:31","date_gmt":"2023-09-02T12:57:31","guid":{"rendered":"https:\/\/www.dmd.eu\/product\/non%20class\u00e9\/rocket-cover-visor-chiusura-magnetica\/"},"modified":"2025-12-02T00:14:29","modified_gmt":"2025-12-01T23:14:29","slug":"rocket-cover-visor-fermeture-magnetique","status":"publish","type":"product","link":"https:\/\/dmd.eu\/fr\/prodotto\/casques-integraux\/accessoires-integraux\/rocket-cover-visor-fermeture-magnetique\/","title":{"rendered":"ROCKET COVER VISOR (FERMETURE MAGN\u00c9TIQUE)"},"content":{"rendered":"<p>L&rsquo;accessoire Rocket Cover Visor\u00a0est\u00a0con\u00e7u pour les casques moto int\u00e9graux DMD, et plus particuli\u00e8rement pour la ligne Rocket. Il s&rsquo;agit d&rsquo;une visi\u00e8re con\u00e7ue pour prot\u00e9ger le visage et les yeux pendant la conduite, qui peut \u00eatre appliqu\u00e9e \u00e0 l&rsquo;aide de fermeture magn\u00e9tique. Le\u00a0Rocket Cover Visor pour casques de moto Int\u00e9graux\u00a0est disponible en deux types de lentilles : claires ou fonc\u00e9es.<\/p>\n","protected":false},"excerpt":{"rendered":"<p>L&rsquo;accessoire Rocket Cover Visor\u00a0est\u00a0con\u00e7u pour les casques moto int\u00e9graux DMD, et plus particuli\u00e8rement pour la ligne Rocket. Il s&rsquo;agit d&rsquo;une visi\u00e8re con\u00e7ue pour prot\u00e9ger le visage et les yeux pendant la conduite, qui peut \u00eatre appliqu\u00e9e \u00e0 l&rsquo;aide de fermeture magn\u00e9tique. Le\u00a0Rocket Cover Visor pour casques de moto Int\u00e9graux\u00a0est disponible en deux types de lentilles [&hellip;]<\/p>\n","protected":false},"featured_media":8976,"comment_status":"closed","ping_status":"closed","template":"","meta":{"_acf_changed":false},"product_brand":[],"product_cat":[362,129],"product_tag":[],"giftcard-category":[],"class_list":{"0":"post-9135","1":"product","2":"type-product","3":"status-publish","4":"has-post-thumbnail","6":"product_cat-accessoires-integraux","7":"product_cat-casques-integraux","9":"first","10":"instock","11":"taxable","12":"shipping-taxable","13":"purchasable","14":"product-type-variable"},"acf":[],"jetpack_sharing_enabled":true,"_links":{"self":[{"href":"https:\/\/dmd.eu\/fr\/wp-json\/wp\/v2\/product\/9135","targetHints":{"allow":["GET"]}}],"collection":[{"href":"https:\/\/dmd.eu\/fr\/wp-json\/wp\/v2\/product"}],"about":[{"href":"https:\/\/dmd.eu\/fr\/wp-json\/wp\/v2\/types\/product"}],"replies":[{"embeddable":true,"href":"https:\/\/dmd.eu\/fr\/wp-json\/wp\/v2\/comments?post=9135"}],"wp:featuredmedia":[{"embeddable":true,"href":"https:\/\/dmd.eu\/fr\/wp-json\/wp\/v2\/media\/8976"}],"wp:attachment":[{"href":"https:\/\/dmd.eu\/fr\/wp-json\/wp\/v2\/media?parent=9135"}],"wp:term":[{"taxonomy":"product_brand","embeddable":true,"href":"https:\/\/dmd.eu\/fr\/wp-json\/wp\/v2\/product_brand?post=9135"},{"taxonomy":"product_cat","embeddable":true,"href":"https:\/\/dmd.eu\/fr\/wp-json\/wp\/v2\/product_cat?post=9135"},{"taxonomy":"product_tag","embeddable":true,"href":"https:\/\/dmd.eu\/fr\/wp-json\/wp\/v2\/product_tag?post=9135"},{"taxonomy":"giftcard-category","embeddable":true,"href":"https:\/\/dmd.eu\/fr\/wp-json\/wp\/v2\/giftcard-category?post=9135"}],"curies":[{"name":"wp","href":"https:\/\/api.w.org\/{rel}","templated":true}]}}