{"id":9131,"date":"2023-09-02T14:57:31","date_gmt":"2023-09-02T12:57:31","guid":{"rendered":"https:\/\/www.dmd.eu\/product\/non%20class\u00e9\/racer-cover-visor\/"},"modified":"2025-12-02T00:14:28","modified_gmt":"2025-12-01T23:14:28","slug":"racer-cover-visor","status":"publish","type":"product","link":"https:\/\/dmd.eu\/fr\/prodotto\/casques-integraux\/accessoires-integraux\/racer-cover-visor\/","title":{"rendered":"RACER COVER VISOR"},"content":{"rendered":"<p>L\u2019<strong>accessoire Racer Cover Visor<\/strong>\u00a0est con\u00e7u pour les casques de moto int\u00e9graux DMD, plus particuli\u00e8rement pour la ligne Racer. Il s&rsquo;agit d&rsquo;une visi\u00e8re destin\u00e9e \u00e0 prot\u00e9ger le visage et les yeux pendant la conduite, et peut \u00eatre fix\u00e9e \u00e0 l&rsquo;aide des boutons sp\u00e9ciaux pr\u00e9sents sur la coque du casque. La\u00a0Racer Cover Visor\u00a0pour les casques de moto int\u00e9graux\u00a0est disponible en deux types de lentilles : claires ou fonc\u00e9es.<\/p>\n","protected":false},"excerpt":{"rendered":"<p>L\u2019accessoire Racer Cover Visor\u00a0est con\u00e7u pour les casques de moto int\u00e9graux DMD, plus particuli\u00e8rement pour la ligne Racer. Il s&rsquo;agit d&rsquo;une visi\u00e8re destin\u00e9e \u00e0 prot\u00e9ger le visage et les yeux pendant la conduite, et peut \u00eatre fix\u00e9e \u00e0 l&rsquo;aide des boutons sp\u00e9ciaux pr\u00e9sents sur la coque du casque. La\u00a0Racer Cover Visor\u00a0pour les casques de moto [&hellip;]<\/p>\n","protected":false},"featured_media":8951,"comment_status":"closed","ping_status":"closed","template":"","meta":{"_acf_changed":false},"product_brand":[],"product_cat":[362,129],"product_tag":[],"giftcard-category":[],"class_list":{"0":"post-9131","1":"product","2":"type-product","3":"status-publish","4":"has-post-thumbnail","6":"product_cat-accessoires-integraux","7":"product_cat-casques-integraux","9":"first","10":"instock","11":"taxable","12":"shipping-taxable","13":"purchasable","14":"product-type-variable"},"acf":[],"jetpack_sharing_enabled":true,"_links":{"self":[{"href":"https:\/\/dmd.eu\/fr\/wp-json\/wp\/v2\/product\/9131","targetHints":{"allow":["GET"]}}],"collection":[{"href":"https:\/\/dmd.eu\/fr\/wp-json\/wp\/v2\/product"}],"about":[{"href":"https:\/\/dmd.eu\/fr\/wp-json\/wp\/v2\/types\/product"}],"replies":[{"embeddable":true,"href":"https:\/\/dmd.eu\/fr\/wp-json\/wp\/v2\/comments?post=9131"}],"wp:featuredmedia":[{"embeddable":true,"href":"https:\/\/dmd.eu\/fr\/wp-json\/wp\/v2\/media\/8951"}],"wp:attachment":[{"href":"https:\/\/dmd.eu\/fr\/wp-json\/wp\/v2\/media?parent=9131"}],"wp:term":[{"taxonomy":"product_brand","embeddable":true,"href":"https:\/\/dmd.eu\/fr\/wp-json\/wp\/v2\/product_brand?post=9131"},{"taxonomy":"product_cat","embeddable":true,"href":"https:\/\/dmd.eu\/fr\/wp-json\/wp\/v2\/product_cat?post=9131"},{"taxonomy":"product_tag","embeddable":true,"href":"https:\/\/dmd.eu\/fr\/wp-json\/wp\/v2\/product_tag?post=9131"},{"taxonomy":"giftcard-category","embeddable":true,"href":"https:\/\/dmd.eu\/fr\/wp-json\/wp\/v2\/giftcard-category?post=9131"}],"curies":[{"name":"wp","href":"https:\/\/api.w.org\/{rel}","templated":true}]}}