{"id":9123,"date":"2023-09-02T14:57:32","date_gmt":"2023-09-02T12:57:32","guid":{"rendered":"https:\/\/www.dmd.eu\/product\/non%20class\u00e9\/seventyfive-cover-visor\/"},"modified":"2025-12-02T00:14:28","modified_gmt":"2025-12-01T23:14:28","slug":"seventyfive-cover-visor","status":"publish","type":"product","link":"https:\/\/dmd.eu\/fr\/prodotto\/casques-integraux\/accessoires-integraux\/seventyfive-cover-visor\/","title":{"rendered":"SEVENTYFIVE COVER VISOR"},"content":{"rendered":"<p>L&rsquo;<strong>accessoire\u00a0Seventyfive Cover Visor<\/strong>\u00a0est con\u00e7u pour les casques moto int\u00e9graux DMD, plus particuli\u00e8rement pour la ligne Seventyfive. Il s&rsquo;agit d&rsquo;une visi\u00e8re con\u00e7ue pour prot\u00e9ger le visage et les yeux pendant la conduite. Elle peut \u00eatre appliqu\u00e9e \u00e0 l&rsquo;aide des boutons situ\u00e9s sur la coque du casque Seventyfive. La\u00a0Seventyfive Cover Visor pour les casques de moto int\u00e9graux\u00a0est disponible en deux types de lentilles : claires ou fonc\u00e9es.<\/p>\n","protected":false},"excerpt":{"rendered":"<p>L&rsquo;accessoire\u00a0Seventyfive Cover Visor\u00a0est con\u00e7u pour les casques moto int\u00e9graux DMD, plus particuli\u00e8rement pour la ligne Seventyfive. Il s&rsquo;agit d&rsquo;une visi\u00e8re con\u00e7ue pour prot\u00e9ger le visage et les yeux pendant la conduite. Elle peut \u00eatre appliqu\u00e9e \u00e0 l&rsquo;aide des boutons situ\u00e9s sur la coque du casque Seventyfive. La\u00a0Seventyfive Cover Visor pour les casques de moto int\u00e9graux\u00a0est [&hellip;]<\/p>\n","protected":false},"featured_media":8991,"comment_status":"closed","ping_status":"closed","template":"","meta":{"_acf_changed":false},"product_brand":[],"product_cat":[362,129],"product_tag":[],"giftcard-category":[],"class_list":{"0":"post-9123","1":"product","2":"type-product","3":"status-publish","4":"has-post-thumbnail","6":"product_cat-accessoires-integraux","7":"product_cat-casques-integraux","9":"first","10":"instock","11":"taxable","12":"shipping-taxable","13":"purchasable","14":"product-type-variable"},"acf":[],"jetpack_sharing_enabled":true,"_links":{"self":[{"href":"https:\/\/dmd.eu\/fr\/wp-json\/wp\/v2\/product\/9123","targetHints":{"allow":["GET"]}}],"collection":[{"href":"https:\/\/dmd.eu\/fr\/wp-json\/wp\/v2\/product"}],"about":[{"href":"https:\/\/dmd.eu\/fr\/wp-json\/wp\/v2\/types\/product"}],"replies":[{"embeddable":true,"href":"https:\/\/dmd.eu\/fr\/wp-json\/wp\/v2\/comments?post=9123"}],"wp:featuredmedia":[{"embeddable":true,"href":"https:\/\/dmd.eu\/fr\/wp-json\/wp\/v2\/media\/8991"}],"wp:attachment":[{"href":"https:\/\/dmd.eu\/fr\/wp-json\/wp\/v2\/media?parent=9123"}],"wp:term":[{"taxonomy":"product_brand","embeddable":true,"href":"https:\/\/dmd.eu\/fr\/wp-json\/wp\/v2\/product_brand?post=9123"},{"taxonomy":"product_cat","embeddable":true,"href":"https:\/\/dmd.eu\/fr\/wp-json\/wp\/v2\/product_cat?post=9123"},{"taxonomy":"product_tag","embeddable":true,"href":"https:\/\/dmd.eu\/fr\/wp-json\/wp\/v2\/product_tag?post=9123"},{"taxonomy":"giftcard-category","embeddable":true,"href":"https:\/\/dmd.eu\/fr\/wp-json\/wp\/v2\/giftcard-category?post=9123"}],"curies":[{"name":"wp","href":"https:\/\/api.w.org\/{rel}","templated":true}]}}