{"id":9119,"date":"2023-09-02T14:57:33","date_gmt":"2023-09-02T12:57:33","guid":{"rendered":"https:\/\/www.dmd.eu\/product\/non%20class\u00e9\/seventyfive-goggle\/"},"modified":"2026-02-24T15:45:27","modified_gmt":"2026-02-24T14:45:27","slug":"seventyfive-goggle","status":"publish","type":"product","link":"https:\/\/dmd.eu\/fr\/prodotto\/casques-integraux\/accessoires-integraux\/seventyfive-goggle\/","title":{"rendered":"SEVENTYFIVE GOGGLE"},"content":{"rendered":"<p>L&rsquo;<strong>accessoire Seventyfive Goggle<\/strong>\u00a0est con\u00e7u pour les casques moto int\u00e9graux DMD, plus particuli\u00e8rement pour la ligne Seventyfive. Il s&rsquo;agit d&rsquo;une visi\u00e8re au style attrayant, parfaite pour prot\u00e9ger les yeux pendant la conduite. La\u00a0Seventyfive Goggle pour casques de moto Int\u00e9graux\u00a0est disponible en deux types de lentilles : claires ou fonc\u00e9es.<\/p>\n","protected":false},"excerpt":{"rendered":"<p>L&rsquo;accessoire Seventyfive Goggle\u00a0est con\u00e7u pour les casques moto int\u00e9graux DMD, plus particuli\u00e8rement pour la ligne Seventyfive. Il s&rsquo;agit d&rsquo;une visi\u00e8re au style attrayant, parfaite pour prot\u00e9ger les yeux pendant la conduite. La\u00a0Seventyfive Goggle pour casques de moto Int\u00e9graux\u00a0est disponible en deux types de lentilles : claires ou fonc\u00e9es.<\/p>\n","protected":false},"featured_media":9006,"comment_status":"closed","ping_status":"closed","template":"","meta":{"_acf_changed":false},"product_brand":[],"product_cat":[362,129],"product_tag":[],"giftcard-category":[],"class_list":{"0":"post-9119","1":"product","2":"type-product","3":"status-publish","4":"has-post-thumbnail","6":"product_cat-accessoires-integraux","7":"product_cat-casques-integraux","9":"first","10":"instock","11":"taxable","12":"shipping-taxable","13":"purchasable","14":"product-type-variable"},"acf":[],"jetpack_sharing_enabled":true,"_links":{"self":[{"href":"https:\/\/dmd.eu\/fr\/wp-json\/wp\/v2\/product\/9119","targetHints":{"allow":["GET"]}}],"collection":[{"href":"https:\/\/dmd.eu\/fr\/wp-json\/wp\/v2\/product"}],"about":[{"href":"https:\/\/dmd.eu\/fr\/wp-json\/wp\/v2\/types\/product"}],"replies":[{"embeddable":true,"href":"https:\/\/dmd.eu\/fr\/wp-json\/wp\/v2\/comments?post=9119"}],"wp:featuredmedia":[{"embeddable":true,"href":"https:\/\/dmd.eu\/fr\/wp-json\/wp\/v2\/media\/9006"}],"wp:attachment":[{"href":"https:\/\/dmd.eu\/fr\/wp-json\/wp\/v2\/media?parent=9119"}],"wp:term":[{"taxonomy":"product_brand","embeddable":true,"href":"https:\/\/dmd.eu\/fr\/wp-json\/wp\/v2\/product_brand?post=9119"},{"taxonomy":"product_cat","embeddable":true,"href":"https:\/\/dmd.eu\/fr\/wp-json\/wp\/v2\/product_cat?post=9119"},{"taxonomy":"product_tag","embeddable":true,"href":"https:\/\/dmd.eu\/fr\/wp-json\/wp\/v2\/product_tag?post=9119"},{"taxonomy":"giftcard-category","embeddable":true,"href":"https:\/\/dmd.eu\/fr\/wp-json\/wp\/v2\/giftcard-category?post=9119"}],"curies":[{"name":"wp","href":"https:\/\/api.w.org\/{rel}","templated":true}]}}