{"id":8763,"date":"2023-09-01T10:36:17","date_gmt":"2023-09-01T08:36:17","guid":{"rendered":"https:\/\/www.dmd.eu\/product\/non%20class\u00e9\/juggler\/"},"modified":"2025-12-02T00:12:03","modified_gmt":"2025-12-01T23:12:03","slug":"juggler","status":"publish","type":"product","link":"https:\/\/dmd.eu\/fr\/prodotto\/vetements-moto\/bandanas\/juggler\/","title":{"rendered":"JUGGLER"},"content":{"rendered":"<p>Le\u00a0<strong>bandana de moto Juggler<\/strong>\u00a0est enti\u00e8rement fabriqu\u00e9 en Italie, en coton et soie. Pratique et polyvalent, c&rsquo;est un classique pour tous les motards et un accessoire utile pour se prot\u00e9ger du froid, du vent et des insectes.\u00a0<br \/>\nIl pr\u00e9sente des graphiques et des motifs attrayants cr\u00e9\u00e9s exclusivement pour DMD.<\/p>\n","protected":false},"excerpt":{"rendered":"<p>Le\u00a0bandana de moto Juggler\u00a0est enti\u00e8rement fabriqu\u00e9 en Italie, en coton et soie. Pratique et polyvalent, c&rsquo;est un classique pour tous les motards et un accessoire utile pour se prot\u00e9ger du froid, du vent et des insectes.\u00a0 Il pr\u00e9sente des graphiques et des motifs attrayants cr\u00e9\u00e9s exclusivement pour DMD.<\/p>\n","protected":false},"featured_media":8541,"comment_status":"closed","ping_status":"closed","template":"","meta":{"_acf_changed":false},"product_brand":[],"product_cat":[357,263],"product_tag":[],"giftcard-category":[],"class_list":{"0":"post-8763","1":"product","2":"type-product","3":"status-publish","4":"has-post-thumbnail","6":"product_cat-bandanas","7":"product_cat-vetements-moto","9":"first","10":"instock","11":"taxable","12":"shipping-taxable","13":"purchasable","14":"product-type-simple"},"acf":[],"jetpack_sharing_enabled":true,"_links":{"self":[{"href":"https:\/\/dmd.eu\/fr\/wp-json\/wp\/v2\/product\/8763","targetHints":{"allow":["GET"]}}],"collection":[{"href":"https:\/\/dmd.eu\/fr\/wp-json\/wp\/v2\/product"}],"about":[{"href":"https:\/\/dmd.eu\/fr\/wp-json\/wp\/v2\/types\/product"}],"replies":[{"embeddable":true,"href":"https:\/\/dmd.eu\/fr\/wp-json\/wp\/v2\/comments?post=8763"}],"wp:featuredmedia":[{"embeddable":true,"href":"https:\/\/dmd.eu\/fr\/wp-json\/wp\/v2\/media\/8541"}],"wp:attachment":[{"href":"https:\/\/dmd.eu\/fr\/wp-json\/wp\/v2\/media?parent=8763"}],"wp:term":[{"taxonomy":"product_brand","embeddable":true,"href":"https:\/\/dmd.eu\/fr\/wp-json\/wp\/v2\/product_brand?post=8763"},{"taxonomy":"product_cat","embeddable":true,"href":"https:\/\/dmd.eu\/fr\/wp-json\/wp\/v2\/product_cat?post=8763"},{"taxonomy":"product_tag","embeddable":true,"href":"https:\/\/dmd.eu\/fr\/wp-json\/wp\/v2\/product_tag?post=8763"},{"taxonomy":"giftcard-category","embeddable":true,"href":"https:\/\/dmd.eu\/fr\/wp-json\/wp\/v2\/giftcard-category?post=8763"}],"curies":[{"name":"wp","href":"https:\/\/api.w.org\/{rel}","templated":true}]}}