{"id":8387,"date":"2023-08-31T17:42:34","date_gmt":"2023-08-31T15:42:34","guid":{"rendered":"https:\/\/www.dmd.eu\/product\/non%20class\u00e9\/shield-yellow\/"},"modified":"2025-12-02T00:14:30","modified_gmt":"2025-12-01T23:14:30","slug":"shield-yellow","status":"publish","type":"product","link":"https:\/\/dmd.eu\/fr\/prodotto\/vetements-moto\/gants\/shield-yellow\/","title":{"rendered":"SHIELD YELLOW"},"content":{"rendered":"<p>Les <strong>gants de moto Shield Yellow<\/strong>\u00a0sont enti\u00e8rement fabriqu\u00e9s \u00e0 la main en Italie. Con\u00e7us pour les motards au style Caf\u00e9 Racer et pour les amateurs de v\u00eatements raffin\u00e9s, ces gants de moto sont en cuir v\u00e9ritable et de couleur jaune. Ils offrent protection et confort dans un design \u00e9l\u00e9gant qui s\u2019adapte \u00e0 trois saisons : printemps, \u00e9t\u00e9 et automne.<\/p>\n<p>Ils sont enfin homologu\u00e9s CE, pour une conduite en toute s\u00e9curit\u00e9.<\/p>\n","protected":false},"excerpt":{"rendered":"<p>Les gants de moto Shield Yellow\u00a0sont enti\u00e8rement fabriqu\u00e9s \u00e0 la main en Italie. Con\u00e7us pour les motards au style Caf\u00e9 Racer et pour les amateurs de v\u00eatements raffin\u00e9s, ces gants de moto sont en cuir v\u00e9ritable et de couleur jaune. Ils offrent protection et confort dans un design \u00e9l\u00e9gant qui s\u2019adapte \u00e0 trois saisons : [&hellip;]<\/p>\n","protected":false},"featured_media":30771,"comment_status":"closed","ping_status":"closed","template":"","meta":{"_acf_changed":false},"product_brand":[],"product_cat":[352,263],"product_tag":[],"giftcard-category":[],"class_list":{"0":"post-8387","1":"product","2":"type-product","3":"status-publish","4":"has-post-thumbnail","6":"product_cat-gants","7":"product_cat-vetements-moto","9":"first","10":"instock","11":"taxable","12":"shipping-taxable","13":"purchasable","14":"product-type-variable"},"acf":[],"jetpack_sharing_enabled":true,"_links":{"self":[{"href":"https:\/\/dmd.eu\/fr\/wp-json\/wp\/v2\/product\/8387","targetHints":{"allow":["GET"]}}],"collection":[{"href":"https:\/\/dmd.eu\/fr\/wp-json\/wp\/v2\/product"}],"about":[{"href":"https:\/\/dmd.eu\/fr\/wp-json\/wp\/v2\/types\/product"}],"replies":[{"embeddable":true,"href":"https:\/\/dmd.eu\/fr\/wp-json\/wp\/v2\/comments?post=8387"}],"wp:featuredmedia":[{"embeddable":true,"href":"https:\/\/dmd.eu\/fr\/wp-json\/wp\/v2\/media\/30771"}],"wp:attachment":[{"href":"https:\/\/dmd.eu\/fr\/wp-json\/wp\/v2\/media?parent=8387"}],"wp:term":[{"taxonomy":"product_brand","embeddable":true,"href":"https:\/\/dmd.eu\/fr\/wp-json\/wp\/v2\/product_brand?post=8387"},{"taxonomy":"product_cat","embeddable":true,"href":"https:\/\/dmd.eu\/fr\/wp-json\/wp\/v2\/product_cat?post=8387"},{"taxonomy":"product_tag","embeddable":true,"href":"https:\/\/dmd.eu\/fr\/wp-json\/wp\/v2\/product_tag?post=8387"},{"taxonomy":"giftcard-category","embeddable":true,"href":"https:\/\/dmd.eu\/fr\/wp-json\/wp\/v2\/giftcard-category?post=8387"}],"curies":[{"name":"wp","href":"https:\/\/api.w.org\/{rel}","templated":true}]}}