{"id":8129,"date":"2023-08-31T12:14:48","date_gmt":"2023-08-31T10:14:48","guid":{"rendered":"https:\/\/www.dmd.eu\/product\/non%20class\u00e9\/striped\/"},"modified":"2025-12-02T00:12:15","modified_gmt":"2025-12-01T23:12:15","slug":"striped","status":"publish","type":"product","link":"https:\/\/dmd.eu\/fr\/prodotto\/vetements-moto\/tours-de-cou\/striped\/","title":{"rendered":"STRIPED"},"content":{"rendered":"<p>Le <strong>tour de cou moto Striped<\/strong>, enti\u00e8rement r\u00e9alis\u00e9 en Italie, est un produit indispensable pour les sorties en moto tout au long de l\u2019ann\u00e9e. Fabriqu\u00e9 en coton, il est extr\u00eamement confortable \u00e0 enfiler et \u00e0 enlever et constitue un accessoire utile pour se prot\u00e9ger du froid, du vent et des insectes. Avec des couleurs r\u00e9versibles et des graphismes attrayants, le tour de cou DMD est l\u2019accessoire id\u00e9al pour tous les motards \u00e0 la recherche d\u2019un produit confortable, chaud et respirant.<\/p>\n","protected":false},"excerpt":{"rendered":"<p>Le tour de cou moto Striped, enti\u00e8rement r\u00e9alis\u00e9 en Italie, est un produit indispensable pour les sorties en moto tout au long de l\u2019ann\u00e9e. Fabriqu\u00e9 en coton, il est extr\u00eamement confortable \u00e0 enfiler et \u00e0 enlever et constitue un accessoire utile pour se prot\u00e9ger du froid, du vent et des insectes. Avec des couleurs r\u00e9versibles [&hellip;]<\/p>\n","protected":false},"featured_media":8074,"comment_status":"closed","ping_status":"closed","template":"","meta":{"_acf_changed":false},"product_brand":[],"product_cat":[317,263],"product_tag":[],"giftcard-category":[],"class_list":{"0":"post-8129","1":"product","2":"type-product","3":"status-publish","4":"has-post-thumbnail","6":"product_cat-tours-de-cou","7":"product_cat-vetements-moto","9":"first","10":"instock","11":"taxable","12":"shipping-taxable","13":"purchasable","14":"product-type-simple"},"acf":[],"jetpack_sharing_enabled":true,"_links":{"self":[{"href":"https:\/\/dmd.eu\/fr\/wp-json\/wp\/v2\/product\/8129","targetHints":{"allow":["GET"]}}],"collection":[{"href":"https:\/\/dmd.eu\/fr\/wp-json\/wp\/v2\/product"}],"about":[{"href":"https:\/\/dmd.eu\/fr\/wp-json\/wp\/v2\/types\/product"}],"replies":[{"embeddable":true,"href":"https:\/\/dmd.eu\/fr\/wp-json\/wp\/v2\/comments?post=8129"}],"wp:featuredmedia":[{"embeddable":true,"href":"https:\/\/dmd.eu\/fr\/wp-json\/wp\/v2\/media\/8074"}],"wp:attachment":[{"href":"https:\/\/dmd.eu\/fr\/wp-json\/wp\/v2\/media?parent=8129"}],"wp:term":[{"taxonomy":"product_brand","embeddable":true,"href":"https:\/\/dmd.eu\/fr\/wp-json\/wp\/v2\/product_brand?post=8129"},{"taxonomy":"product_cat","embeddable":true,"href":"https:\/\/dmd.eu\/fr\/wp-json\/wp\/v2\/product_cat?post=8129"},{"taxonomy":"product_tag","embeddable":true,"href":"https:\/\/dmd.eu\/fr\/wp-json\/wp\/v2\/product_tag?post=8129"},{"taxonomy":"giftcard-category","embeddable":true,"href":"https:\/\/dmd.eu\/fr\/wp-json\/wp\/v2\/giftcard-category?post=8129"}],"curies":[{"name":"wp","href":"https:\/\/api.w.org\/{rel}","templated":true}]}}