{"id":7948,"date":"2023-08-31T11:17:33","date_gmt":"2023-08-31T09:17:33","guid":{"rendered":"https:\/\/www.dmd.eu\/product\/non%20class\u00e9\/jeans\/"},"modified":"2025-12-02T00:14:31","modified_gmt":"2025-12-01T23:14:31","slug":"jeans","status":"publish","type":"product","link":"https:\/\/dmd.eu\/fr\/prodotto\/vetements-moto\/pantalons\/jeans\/","title":{"rendered":"JEANS"},"content":{"rendered":"<p>Le <strong>jeans de moto<\/strong> est confortable, s\u00fbr et adapt\u00e9 \u00e0 tout motard. La s\u00e9curit\u00e9 est garantie par la pr\u00e9sence de protections certifi\u00e9es ins\u00e9r\u00e9es sur les genoux et les hanches. Il s&rsquo;agit d&rsquo;un v\u00eatement technique qui ne sacrifie pas le confort et la praticit\u00e9 d&rsquo;un pantalon en denim.<\/p>\n","protected":false},"excerpt":{"rendered":"<p>Le jeans de moto est confortable, s\u00fbr et adapt\u00e9 \u00e0 tout motard. La s\u00e9curit\u00e9 est garantie par la pr\u00e9sence de protections certifi\u00e9es ins\u00e9r\u00e9es sur les genoux et les hanches. Il s&rsquo;agit d&rsquo;un v\u00eatement technique qui ne sacrifie pas le confort et la praticit\u00e9 d&rsquo;un pantalon en denim.<\/p>\n","protected":false},"featured_media":7870,"comment_status":"closed","ping_status":"closed","template":"","meta":{"_acf_changed":false},"product_brand":[],"product_cat":[277,263],"product_tag":[],"giftcard-category":[],"class_list":{"0":"post-7948","1":"product","2":"type-product","3":"status-publish","4":"has-post-thumbnail","6":"product_cat-pantalons","7":"product_cat-vetements-moto","9":"first","10":"instock","11":"sale","12":"taxable","13":"shipping-taxable","14":"purchasable","15":"product-type-variable"},"acf":[],"jetpack_sharing_enabled":true,"_links":{"self":[{"href":"https:\/\/dmd.eu\/fr\/wp-json\/wp\/v2\/product\/7948","targetHints":{"allow":["GET"]}}],"collection":[{"href":"https:\/\/dmd.eu\/fr\/wp-json\/wp\/v2\/product"}],"about":[{"href":"https:\/\/dmd.eu\/fr\/wp-json\/wp\/v2\/types\/product"}],"replies":[{"embeddable":true,"href":"https:\/\/dmd.eu\/fr\/wp-json\/wp\/v2\/comments?post=7948"}],"wp:featuredmedia":[{"embeddable":true,"href":"https:\/\/dmd.eu\/fr\/wp-json\/wp\/v2\/media\/7870"}],"wp:attachment":[{"href":"https:\/\/dmd.eu\/fr\/wp-json\/wp\/v2\/media?parent=7948"}],"wp:term":[{"taxonomy":"product_brand","embeddable":true,"href":"https:\/\/dmd.eu\/fr\/wp-json\/wp\/v2\/product_brand?post=7948"},{"taxonomy":"product_cat","embeddable":true,"href":"https:\/\/dmd.eu\/fr\/wp-json\/wp\/v2\/product_cat?post=7948"},{"taxonomy":"product_tag","embeddable":true,"href":"https:\/\/dmd.eu\/fr\/wp-json\/wp\/v2\/product_tag?post=7948"},{"taxonomy":"giftcard-category","embeddable":true,"href":"https:\/\/dmd.eu\/fr\/wp-json\/wp\/v2\/giftcard-category?post=7948"}],"curies":[{"name":"wp","href":"https:\/\/api.w.org\/{rel}","templated":true}]}}