{"id":7523,"date":"2023-08-25T19:34:48","date_gmt":"2023-08-25T17:34:48","guid":{"rendered":"https:\/\/www.dmd.eu\/product\/non%20class\u00e9\/inner-lining-p1\/"},"modified":"2025-12-26T17:05:36","modified_gmt":"2025-12-26T16:05:36","slug":"inner-lining-p1ece-05","status":"publish","type":"product","link":"https:\/\/dmd.eu\/fr\/prodotto\/casques-jet\/accessoires\/inner-lining-p1ece-05\/","title":{"rendered":"INNER LINING P1 ECE 05"},"content":{"rendered":"<p>L&rsquo;<strong>accessoire\u00a0Inner Lining P1<\/strong>\u00a0est une doublure int\u00e9rieure enti\u00e8rement amovible et lavable pour la gamme de casques de moto DMD P1. Le rembourrage au niveau de la t\u00eate et les coussinets de joue sont amovibles afin de pouvoir les ajuster. L\u2019Inner Lining P1\u00a0vous permet de modifier la taille de votre casque Vintage, mais seulement si la taille de la calotte est la m\u00eame. Il est disponible de la taille XS \u00e0 XL.<\/p>\n","protected":false},"excerpt":{"rendered":"<p>L&rsquo;accessoire\u00a0Inner Lining P1\u00a0est une doublure int\u00e9rieure enti\u00e8rement amovible et lavable pour la gamme de casques de moto DMD P1. Le rembourrage au niveau de la t\u00eate et les coussinets de joue sont amovibles afin de pouvoir les ajuster. L\u2019Inner Lining P1\u00a0vous permet de modifier la taille de votre casque Vintage, mais seulement si la taille [&hellip;]<\/p>\n","protected":false},"featured_media":7321,"comment_status":"closed","ping_status":"closed","template":"","meta":{"_acf_changed":false},"product_brand":[],"product_cat":[182,120],"product_tag":[],"giftcard-category":[],"class_list":{"0":"post-7523","1":"product","2":"type-product","3":"status-publish","4":"has-post-thumbnail","6":"product_cat-accessoires","7":"product_cat-casques-jet","9":"first","10":"instock","11":"taxable","12":"shipping-taxable","13":"purchasable","14":"product-type-variable"},"acf":[],"jetpack_sharing_enabled":true,"_links":{"self":[{"href":"https:\/\/dmd.eu\/fr\/wp-json\/wp\/v2\/product\/7523","targetHints":{"allow":["GET"]}}],"collection":[{"href":"https:\/\/dmd.eu\/fr\/wp-json\/wp\/v2\/product"}],"about":[{"href":"https:\/\/dmd.eu\/fr\/wp-json\/wp\/v2\/types\/product"}],"replies":[{"embeddable":true,"href":"https:\/\/dmd.eu\/fr\/wp-json\/wp\/v2\/comments?post=7523"}],"wp:featuredmedia":[{"embeddable":true,"href":"https:\/\/dmd.eu\/fr\/wp-json\/wp\/v2\/media\/7321"}],"wp:attachment":[{"href":"https:\/\/dmd.eu\/fr\/wp-json\/wp\/v2\/media?parent=7523"}],"wp:term":[{"taxonomy":"product_brand","embeddable":true,"href":"https:\/\/dmd.eu\/fr\/wp-json\/wp\/v2\/product_brand?post=7523"},{"taxonomy":"product_cat","embeddable":true,"href":"https:\/\/dmd.eu\/fr\/wp-json\/wp\/v2\/product_cat?post=7523"},{"taxonomy":"product_tag","embeddable":true,"href":"https:\/\/dmd.eu\/fr\/wp-json\/wp\/v2\/product_tag?post=7523"},{"taxonomy":"giftcard-category","embeddable":true,"href":"https:\/\/dmd.eu\/fr\/wp-json\/wp\/v2\/giftcard-category?post=7523"}],"curies":[{"name":"wp","href":"https:\/\/api.w.org\/{rel}","templated":true}]}}