{"id":7516,"date":"2023-08-25T19:34:46","date_gmt":"2023-08-25T17:34:46","guid":{"rendered":"https:\/\/www.dmd.eu\/product\/non%20class\u00e9\/inner-lining-vintage\/"},"modified":"2025-12-02T00:14:35","modified_gmt":"2025-12-01T23:14:35","slug":"inner-lining-vintage","status":"publish","type":"product","link":"https:\/\/dmd.eu\/fr\/prodotto\/casques-jet\/accessoires\/inner-lining-vintage\/","title":{"rendered":"INNER LINING VINTAGE"},"content":{"rendered":"<p>L&rsquo;<strong>accessoire\u00a0Inner Lining Vintage<\/strong>\u00a0est une doublure int\u00e9rieure enti\u00e8rement amovible et lavable pour la gamme de casques de moto DMD Jet Vintage. Le rembourrage au niveau de la t\u00eate et les coussinets de joue sont amovibles afin de pouvoir les ajuster. L\u2019Inner Lining Vintage\u00a0vous permet de modifier la taille de votre casque Vintage, mais seulement si la taille de la calotte reste la m\u00eame. Il est disponible de la taille XS \u00e0 XL.<\/p>\n","protected":false},"excerpt":{"rendered":"<p>L&rsquo;accessoire\u00a0Inner Lining Vintage\u00a0est une doublure int\u00e9rieure enti\u00e8rement amovible et lavable pour la gamme de casques de moto DMD Jet Vintage. Le rembourrage au niveau de la t\u00eate et les coussinets de joue sont amovibles afin de pouvoir les ajuster. L\u2019Inner Lining Vintage\u00a0vous permet de modifier la taille de votre casque Vintage, mais seulement si la [&hellip;]<\/p>\n","protected":false},"featured_media":7326,"comment_status":"closed","ping_status":"closed","template":"","meta":{"_acf_changed":false},"product_brand":[],"product_cat":[182,120],"product_tag":[],"giftcard-category":[],"class_list":{"0":"post-7516","1":"product","2":"type-product","3":"status-publish","4":"has-post-thumbnail","6":"product_cat-accessoires","7":"product_cat-casques-jet","9":"first","10":"instock","11":"taxable","12":"shipping-taxable","13":"purchasable","14":"product-type-variable"},"acf":[],"jetpack_sharing_enabled":true,"_links":{"self":[{"href":"https:\/\/dmd.eu\/fr\/wp-json\/wp\/v2\/product\/7516","targetHints":{"allow":["GET"]}}],"collection":[{"href":"https:\/\/dmd.eu\/fr\/wp-json\/wp\/v2\/product"}],"about":[{"href":"https:\/\/dmd.eu\/fr\/wp-json\/wp\/v2\/types\/product"}],"replies":[{"embeddable":true,"href":"https:\/\/dmd.eu\/fr\/wp-json\/wp\/v2\/comments?post=7516"}],"wp:featuredmedia":[{"embeddable":true,"href":"https:\/\/dmd.eu\/fr\/wp-json\/wp\/v2\/media\/7326"}],"wp:attachment":[{"href":"https:\/\/dmd.eu\/fr\/wp-json\/wp\/v2\/media?parent=7516"}],"wp:term":[{"taxonomy":"product_brand","embeddable":true,"href":"https:\/\/dmd.eu\/fr\/wp-json\/wp\/v2\/product_brand?post=7516"},{"taxonomy":"product_cat","embeddable":true,"href":"https:\/\/dmd.eu\/fr\/wp-json\/wp\/v2\/product_cat?post=7516"},{"taxonomy":"product_tag","embeddable":true,"href":"https:\/\/dmd.eu\/fr\/wp-json\/wp\/v2\/product_tag?post=7516"},{"taxonomy":"giftcard-category","embeddable":true,"href":"https:\/\/dmd.eu\/fr\/wp-json\/wp\/v2\/giftcard-category?post=7516"}],"curies":[{"name":"wp","href":"https:\/\/api.w.org\/{rel}","templated":true}]}}