{"id":7512,"date":"2023-08-25T19:34:48","date_gmt":"2023-08-25T17:34:48","guid":{"rendered":"https:\/\/www.dmd.eu\/product\/non%20class\u00e9\/p1-cover-visor\/"},"modified":"2025-12-02T00:14:34","modified_gmt":"2025-12-01T23:14:34","slug":"p1-cover-visor","status":"publish","type":"product","link":"https:\/\/dmd.eu\/fr\/prodotto\/casques-jet\/accessoires\/p1-cover-visor\/","title":{"rendered":"P1 COVER VISOR"},"content":{"rendered":"<p>L&rsquo;<strong>accessoire P1 Cover Visor<\/strong>\u00a0est disponible pour la collection de casques P1 demi-Jet. C\u2019est une visi\u00e8re de derni\u00e8re g\u00e9n\u00e9ration amovible, transparente et qui couvre tout le visage. La visi\u00e8re\u00a0P1 Cover Visor\u00a0se d\u00e9visse facilement et est disponible en version claire ou fonc\u00e9e.<\/p>\n","protected":false},"excerpt":{"rendered":"<p>L&rsquo;accessoire P1 Cover Visor\u00a0est disponible pour la collection de casques P1 demi-Jet. C\u2019est une visi\u00e8re de derni\u00e8re g\u00e9n\u00e9ration amovible, transparente et qui couvre tout le visage. La visi\u00e8re\u00a0P1 Cover Visor\u00a0se d\u00e9visse facilement et est disponible en version claire ou fonc\u00e9e.<\/p>\n","protected":false},"featured_media":50270,"comment_status":"closed","ping_status":"closed","template":"","meta":{"_acf_changed":false},"product_brand":[],"product_cat":[182,120],"product_tag":[],"giftcard-category":[],"class_list":{"0":"post-7512","1":"product","2":"type-product","3":"status-publish","4":"has-post-thumbnail","6":"product_cat-accessoires","7":"product_cat-casques-jet","9":"first","10":"instock","11":"taxable","12":"shipping-taxable","13":"purchasable","14":"product-type-variable"},"acf":[],"jetpack_sharing_enabled":true,"_links":{"self":[{"href":"https:\/\/dmd.eu\/fr\/wp-json\/wp\/v2\/product\/7512","targetHints":{"allow":["GET"]}}],"collection":[{"href":"https:\/\/dmd.eu\/fr\/wp-json\/wp\/v2\/product"}],"about":[{"href":"https:\/\/dmd.eu\/fr\/wp-json\/wp\/v2\/types\/product"}],"replies":[{"embeddable":true,"href":"https:\/\/dmd.eu\/fr\/wp-json\/wp\/v2\/comments?post=7512"}],"wp:featuredmedia":[{"embeddable":true,"href":"https:\/\/dmd.eu\/fr\/wp-json\/wp\/v2\/media\/50270"}],"wp:attachment":[{"href":"https:\/\/dmd.eu\/fr\/wp-json\/wp\/v2\/media?parent=7512"}],"wp:term":[{"taxonomy":"product_brand","embeddable":true,"href":"https:\/\/dmd.eu\/fr\/wp-json\/wp\/v2\/product_brand?post=7512"},{"taxonomy":"product_cat","embeddable":true,"href":"https:\/\/dmd.eu\/fr\/wp-json\/wp\/v2\/product_cat?post=7512"},{"taxonomy":"product_tag","embeddable":true,"href":"https:\/\/dmd.eu\/fr\/wp-json\/wp\/v2\/product_tag?post=7512"},{"taxonomy":"giftcard-category","embeddable":true,"href":"https:\/\/dmd.eu\/fr\/wp-json\/wp\/v2\/giftcard-category?post=7512"}],"curies":[{"name":"wp","href":"https:\/\/api.w.org\/{rel}","templated":true}]}}