{"id":7496,"date":"2023-08-25T19:34:48","date_gmt":"2023-08-25T17:34:48","guid":{"rendered":"https:\/\/www.dmd.eu\/product\/non%20class\u00e9\/ghost\/"},"modified":"2026-04-17T09:39:42","modified_gmt":"2026-04-17T07:39:42","slug":"ghost","status":"publish","type":"product","link":"https:\/\/dmd.eu\/fr\/prodotto\/casques-integraux\/accessoires-integraux\/ghost\/","title":{"rendered":"GHOST"},"content":{"rendered":"<p>L\u2019<strong>accessoire Ghost<\/strong> est con\u00e7u pour les casques de moto DMD Retro, Vintage, Racer e Seventyfive. C\u2019est un masque r\u00e9alis\u00e9 en noir avec des personnalisations le long de l\u2019\u00e9lastique, qui donnent du caract\u00e8re \u00e0 cet accessoire. Avec un design unique qui rappelle les masques utilis\u00e9s dans les ann\u00e9es 1970, le\u00a0Ghost pour les casques de moto DMD\u00a0est disponible avec des lentilles claires ou fonc\u00e9es. Une lentille de remplacement claire, fonc\u00e9e, miroir ou jaune peut \u00eatre achet\u00e9e s\u00e9par\u00e9ment.<\/p>\n","protected":false},"excerpt":{"rendered":"<p>L\u2019accessoire Ghost est con\u00e7u pour les casques de moto DMD Retro, Vintage, Racer e Seventyfive. C\u2019est un masque r\u00e9alis\u00e9 en noir avec des personnalisations le long de l\u2019\u00e9lastique, qui donnent du caract\u00e8re \u00e0 cet accessoire. Avec un design unique qui rappelle les masques utilis\u00e9s dans les ann\u00e9es 1970, le\u00a0Ghost pour les casques de moto DMD\u00a0est [&hellip;]<\/p>\n","protected":false},"featured_media":8860,"comment_status":"closed","ping_status":"closed","template":"","meta":{"_acf_changed":false},"product_brand":[],"product_cat":[362,182,129,120],"product_tag":[],"giftcard-category":[],"class_list":{"0":"post-7496","1":"product","2":"type-product","3":"status-publish","4":"has-post-thumbnail","6":"product_cat-accessoires-integraux","7":"product_cat-accessoires","8":"product_cat-casques-integraux","9":"product_cat-casques-jet","11":"first","12":"instock","13":"taxable","14":"shipping-taxable","15":"purchasable","16":"product-type-variable"},"acf":[],"jetpack_sharing_enabled":true,"_links":{"self":[{"href":"https:\/\/dmd.eu\/fr\/wp-json\/wp\/v2\/product\/7496","targetHints":{"allow":["GET"]}}],"collection":[{"href":"https:\/\/dmd.eu\/fr\/wp-json\/wp\/v2\/product"}],"about":[{"href":"https:\/\/dmd.eu\/fr\/wp-json\/wp\/v2\/types\/product"}],"replies":[{"embeddable":true,"href":"https:\/\/dmd.eu\/fr\/wp-json\/wp\/v2\/comments?post=7496"}],"wp:featuredmedia":[{"embeddable":true,"href":"https:\/\/dmd.eu\/fr\/wp-json\/wp\/v2\/media\/8860"}],"wp:attachment":[{"href":"https:\/\/dmd.eu\/fr\/wp-json\/wp\/v2\/media?parent=7496"}],"wp:term":[{"taxonomy":"product_brand","embeddable":true,"href":"https:\/\/dmd.eu\/fr\/wp-json\/wp\/v2\/product_brand?post=7496"},{"taxonomy":"product_cat","embeddable":true,"href":"https:\/\/dmd.eu\/fr\/wp-json\/wp\/v2\/product_cat?post=7496"},{"taxonomy":"product_tag","embeddable":true,"href":"https:\/\/dmd.eu\/fr\/wp-json\/wp\/v2\/product_tag?post=7496"},{"taxonomy":"giftcard-category","embeddable":true,"href":"https:\/\/dmd.eu\/fr\/wp-json\/wp\/v2\/giftcard-category?post=7496"}],"curies":[{"name":"wp","href":"https:\/\/api.w.org\/{rel}","templated":true}]}}