{"id":7491,"date":"2023-08-25T19:34:46","date_gmt":"2023-08-25T17:34:46","guid":{"rendered":"https:\/\/www.dmd.eu\/product\/non%20class\u00e9\/goggle\/"},"modified":"2026-03-09T08:36:29","modified_gmt":"2026-03-09T07:36:29","slug":"goggle","status":"publish","type":"product","link":"https:\/\/dmd.eu\/fr\/prodotto\/casques-jet\/accessoires\/goggle\/","title":{"rendered":"GOGGLE"},"content":{"rendered":"<p>L&rsquo;<strong>accessoire Goggle<\/strong>\u00a0est con\u00e7u pour les casques de moto DMD Jet et peut \u00eatre fix\u00e9 \u00e0 l&rsquo;aide de l&rsquo;\u00e9lastique sp\u00e9cial. Cette visi\u00e8re fixe donnera une touche r\u00e9tro suppl\u00e9mentaire \u00e0 votre casque, et vous offrira toute la protection dont vous avez besoin sur votre moto. Le Goggle pour casques de moto Jet est disponible avec des lentilles claires, sombres ou miroirs.<\/p>\n","protected":false},"excerpt":{"rendered":"<p>L&rsquo;accessoire Goggle\u00a0est con\u00e7u pour les casques de moto DMD Jet et peut \u00eatre fix\u00e9 \u00e0 l&rsquo;aide de l&rsquo;\u00e9lastique sp\u00e9cial. Cette visi\u00e8re fixe donnera une touche r\u00e9tro suppl\u00e9mentaire \u00e0 votre casque, et vous offrira toute la protection dont vous avez besoin sur votre moto. Le Goggle pour casques de moto Jet est disponible avec des lentilles [&hellip;]<\/p>\n","protected":false},"featured_media":56532,"comment_status":"closed","ping_status":"closed","template":"","meta":{"_acf_changed":false},"product_brand":[],"product_cat":[182,120],"product_tag":[],"giftcard-category":[],"class_list":{"0":"post-7491","1":"product","2":"type-product","3":"status-publish","4":"has-post-thumbnail","6":"product_cat-accessoires","7":"product_cat-casques-jet","9":"first","10":"instock","11":"taxable","12":"shipping-taxable","13":"purchasable","14":"product-type-variable"},"acf":[],"jetpack_sharing_enabled":true,"_links":{"self":[{"href":"https:\/\/dmd.eu\/fr\/wp-json\/wp\/v2\/product\/7491","targetHints":{"allow":["GET"]}}],"collection":[{"href":"https:\/\/dmd.eu\/fr\/wp-json\/wp\/v2\/product"}],"about":[{"href":"https:\/\/dmd.eu\/fr\/wp-json\/wp\/v2\/types\/product"}],"replies":[{"embeddable":true,"href":"https:\/\/dmd.eu\/fr\/wp-json\/wp\/v2\/comments?post=7491"}],"wp:featuredmedia":[{"embeddable":true,"href":"https:\/\/dmd.eu\/fr\/wp-json\/wp\/v2\/media\/56532"}],"wp:attachment":[{"href":"https:\/\/dmd.eu\/fr\/wp-json\/wp\/v2\/media?parent=7491"}],"wp:term":[{"taxonomy":"product_brand","embeddable":true,"href":"https:\/\/dmd.eu\/fr\/wp-json\/wp\/v2\/product_brand?post=7491"},{"taxonomy":"product_cat","embeddable":true,"href":"https:\/\/dmd.eu\/fr\/wp-json\/wp\/v2\/product_cat?post=7491"},{"taxonomy":"product_tag","embeddable":true,"href":"https:\/\/dmd.eu\/fr\/wp-json\/wp\/v2\/product_tag?post=7491"},{"taxonomy":"giftcard-category","embeddable":true,"href":"https:\/\/dmd.eu\/fr\/wp-json\/wp\/v2\/giftcard-category?post=7491"}],"curies":[{"name":"wp","href":"https:\/\/api.w.org\/{rel}","templated":true}]}}