{"id":7484,"date":"2023-08-25T19:34:46","date_gmt":"2023-08-25T17:34:46","guid":{"rendered":"https:\/\/www.dmd.eu\/product\/non%20class\u00e9\/bubble-visor\/"},"modified":"2025-12-02T00:14:34","modified_gmt":"2025-12-01T23:14:34","slug":"bubble-visor","status":"publish","type":"product","link":"https:\/\/dmd.eu\/fr\/prodotto\/casques-jet\/accessoires\/bubble-visor\/","title":{"rendered":"BUBBLE VISOR"},"content":{"rendered":"<p>L&rsquo;<strong>accessoire Bubble Visor<\/strong>\u00a0est con\u00e7u pour les casques de moto DMD Jet et peut \u00eatre appliqu\u00e9 gr\u00e2ce \u00e0 des boutons sur la coque du casque. Cette visi\u00e8re fixe donnera une touche r\u00e9tro suppl\u00e9mentaire \u00e0 votre casque, vous offrant toute la protection dont vous avez besoin sur votre moto.\u00a0LaBubble Visor pour les casques de moto Jet\u00a0est disponible avec des lentilles claires et fum\u00e9es.<\/p>\n","protected":false},"excerpt":{"rendered":"<p>L&rsquo;accessoire Bubble Visor\u00a0est con\u00e7u pour les casques de moto DMD Jet et peut \u00eatre appliqu\u00e9 gr\u00e2ce \u00e0 des boutons sur la coque du casque. Cette visi\u00e8re fixe donnera une touche r\u00e9tro suppl\u00e9mentaire \u00e0 votre casque, vous offrant toute la protection dont vous avez besoin sur votre moto.\u00a0LaBubble Visor pour les casques de moto Jet\u00a0est disponible [&hellip;]<\/p>\n","protected":false},"featured_media":56504,"comment_status":"closed","ping_status":"closed","template":"","meta":{"_acf_changed":false},"product_brand":[],"product_cat":[182,120],"product_tag":[],"giftcard-category":[],"class_list":{"0":"post-7484","1":"product","2":"type-product","3":"status-publish","4":"has-post-thumbnail","6":"product_cat-accessoires","7":"product_cat-casques-jet","9":"first","10":"instock","11":"taxable","12":"shipping-taxable","13":"purchasable","14":"product-type-variable","15":"has-default-attributes"},"acf":[],"jetpack_sharing_enabled":true,"_links":{"self":[{"href":"https:\/\/dmd.eu\/fr\/wp-json\/wp\/v2\/product\/7484","targetHints":{"allow":["GET"]}}],"collection":[{"href":"https:\/\/dmd.eu\/fr\/wp-json\/wp\/v2\/product"}],"about":[{"href":"https:\/\/dmd.eu\/fr\/wp-json\/wp\/v2\/types\/product"}],"replies":[{"embeddable":true,"href":"https:\/\/dmd.eu\/fr\/wp-json\/wp\/v2\/comments?post=7484"}],"wp:featuredmedia":[{"embeddable":true,"href":"https:\/\/dmd.eu\/fr\/wp-json\/wp\/v2\/media\/56504"}],"wp:attachment":[{"href":"https:\/\/dmd.eu\/fr\/wp-json\/wp\/v2\/media?parent=7484"}],"wp:term":[{"taxonomy":"product_brand","embeddable":true,"href":"https:\/\/dmd.eu\/fr\/wp-json\/wp\/v2\/product_brand?post=7484"},{"taxonomy":"product_cat","embeddable":true,"href":"https:\/\/dmd.eu\/fr\/wp-json\/wp\/v2\/product_cat?post=7484"},{"taxonomy":"product_tag","embeddable":true,"href":"https:\/\/dmd.eu\/fr\/wp-json\/wp\/v2\/product_tag?post=7484"},{"taxonomy":"giftcard-category","embeddable":true,"href":"https:\/\/dmd.eu\/fr\/wp-json\/wp\/v2\/giftcard-category?post=7484"}],"curies":[{"name":"wp","href":"https:\/\/api.w.org\/{rel}","templated":true}]}}