{"id":7480,"date":"2023-08-25T19:34:46","date_gmt":"2023-08-25T17:34:46","guid":{"rendered":"https:\/\/www.dmd.eu\/product\/non%20class\u00e9\/big-visor\/"},"modified":"2026-04-17T11:03:41","modified_gmt":"2026-04-17T09:03:41","slug":"big-visor","status":"publish","type":"product","link":"https:\/\/dmd.eu\/fr\/prodotto\/casques-jet\/accessoires\/big-visor\/","title":{"rendered":"BIG VISOR"},"content":{"rendered":"<p>L&rsquo;<strong>accessoire Big Visor<\/strong> est con\u00e7u pour les casques de moto DMD Jet et peut \u00eatre appliqu\u00e9 gr\u00e2ce \u00e0 des boutons sur la coque du casque. Cette visi\u00e8re est tr\u00e8s protectrice; il s&rsquo;agit d&rsquo;une visi\u00e8re fixe, qui ne peut \u00eatre ni soulev\u00e9e ni abaiss\u00e9e une fois qu&rsquo;elle a \u00e9t\u00e9 mise en place.\u00a0Le Big Visor pour casques de moto Jet\u00a0est disponible avec une lentille claire ou fonc\u00e9e.<\/p>\n","protected":false},"excerpt":{"rendered":"<p>L&rsquo;accessoire Big Visor est con\u00e7u pour les casques de moto DMD Jet et peut \u00eatre appliqu\u00e9 gr\u00e2ce \u00e0 des boutons sur la coque du casque. Cette visi\u00e8re est tr\u00e8s protectrice; il s&rsquo;agit d&rsquo;une visi\u00e8re fixe, qui ne peut \u00eatre ni soulev\u00e9e ni abaiss\u00e9e une fois qu&rsquo;elle a \u00e9t\u00e9 mise en place.\u00a0Le Big Visor pour casques [&hellip;]<\/p>\n","protected":false},"featured_media":56522,"comment_status":"closed","ping_status":"closed","template":"","meta":{"_acf_changed":false},"product_brand":[],"product_cat":[182,120],"product_tag":[],"giftcard-category":[],"class_list":{"0":"post-7480","1":"product","2":"type-product","3":"status-publish","4":"has-post-thumbnail","6":"product_cat-accessoires","7":"product_cat-casques-jet","9":"first","10":"instock","11":"taxable","12":"shipping-taxable","13":"purchasable","14":"product-type-variable"},"acf":[],"jetpack_sharing_enabled":true,"_links":{"self":[{"href":"https:\/\/dmd.eu\/fr\/wp-json\/wp\/v2\/product\/7480","targetHints":{"allow":["GET"]}}],"collection":[{"href":"https:\/\/dmd.eu\/fr\/wp-json\/wp\/v2\/product"}],"about":[{"href":"https:\/\/dmd.eu\/fr\/wp-json\/wp\/v2\/types\/product"}],"replies":[{"embeddable":true,"href":"https:\/\/dmd.eu\/fr\/wp-json\/wp\/v2\/comments?post=7480"}],"wp:featuredmedia":[{"embeddable":true,"href":"https:\/\/dmd.eu\/fr\/wp-json\/wp\/v2\/media\/56522"}],"wp:attachment":[{"href":"https:\/\/dmd.eu\/fr\/wp-json\/wp\/v2\/media?parent=7480"}],"wp:term":[{"taxonomy":"product_brand","embeddable":true,"href":"https:\/\/dmd.eu\/fr\/wp-json\/wp\/v2\/product_brand?post=7480"},{"taxonomy":"product_cat","embeddable":true,"href":"https:\/\/dmd.eu\/fr\/wp-json\/wp\/v2\/product_cat?post=7480"},{"taxonomy":"product_tag","embeddable":true,"href":"https:\/\/dmd.eu\/fr\/wp-json\/wp\/v2\/product_tag?post=7480"},{"taxonomy":"giftcard-category","embeddable":true,"href":"https:\/\/dmd.eu\/fr\/wp-json\/wp\/v2\/giftcard-category?post=7480"}],"curies":[{"name":"wp","href":"https:\/\/api.w.org\/{rel}","templated":true}]}}