{"id":7476,"date":"2023-08-25T19:34:46","date_gmt":"2023-08-25T17:34:46","guid":{"rendered":"https:\/\/www.dmd.eu\/product\/non%20class\u00e9\/flip-up-visor\/"},"modified":"2025-12-12T21:24:16","modified_gmt":"2025-12-12T20:24:16","slug":"flip-up-visor","status":"publish","type":"product","link":"https:\/\/dmd.eu\/fr\/prodotto\/casques-jet\/accessoires\/flip-up-visor\/","title":{"rendered":"FLIP-UP VISOR"},"content":{"rendered":"<p>L&rsquo;<strong>accessoire Flip-Up Visor<\/strong>\u00a0est con\u00e7u pour les casques de moto DMD Jet et peut \u00eatre appliqu\u00e9 au moyen de boutons sur la coque du casque. Cette visi\u00e8re peut \u00eatre soulev\u00e9e et abaiss\u00e9e \u00e0 tout moment.\u00a0La visi\u00e8re Flip-Up pour les casques de moto Jet\u00a0est disponible avec des lentilles claires, fonc\u00e9es ou miroirs.<\/p>\n","protected":false},"excerpt":{"rendered":"<p>L&rsquo;accessoire Flip-Up Visor\u00a0est con\u00e7u pour les casques de moto DMD Jet et peut \u00eatre appliqu\u00e9 au moyen de boutons sur la coque du casque. Cette visi\u00e8re peut \u00eatre soulev\u00e9e et abaiss\u00e9e \u00e0 tout moment.\u00a0La visi\u00e8re Flip-Up pour les casques de moto Jet\u00a0est disponible avec des lentilles claires, fonc\u00e9es ou miroirs.<\/p>\n","protected":false},"featured_media":7186,"comment_status":"closed","ping_status":"closed","template":"","meta":{"_acf_changed":false},"product_brand":[],"product_cat":[182,120],"product_tag":[],"giftcard-category":[],"class_list":{"0":"post-7476","1":"product","2":"type-product","3":"status-publish","4":"has-post-thumbnail","6":"product_cat-accessoires","7":"product_cat-casques-jet","9":"first","10":"instock","11":"taxable","12":"shipping-taxable","13":"purchasable","14":"product-type-variable"},"acf":[],"jetpack_sharing_enabled":true,"_links":{"self":[{"href":"https:\/\/dmd.eu\/fr\/wp-json\/wp\/v2\/product\/7476","targetHints":{"allow":["GET"]}}],"collection":[{"href":"https:\/\/dmd.eu\/fr\/wp-json\/wp\/v2\/product"}],"about":[{"href":"https:\/\/dmd.eu\/fr\/wp-json\/wp\/v2\/types\/product"}],"replies":[{"embeddable":true,"href":"https:\/\/dmd.eu\/fr\/wp-json\/wp\/v2\/comments?post=7476"}],"wp:featuredmedia":[{"embeddable":true,"href":"https:\/\/dmd.eu\/fr\/wp-json\/wp\/v2\/media\/7186"}],"wp:attachment":[{"href":"https:\/\/dmd.eu\/fr\/wp-json\/wp\/v2\/media?parent=7476"}],"wp:term":[{"taxonomy":"product_brand","embeddable":true,"href":"https:\/\/dmd.eu\/fr\/wp-json\/wp\/v2\/product_brand?post=7476"},{"taxonomy":"product_cat","embeddable":true,"href":"https:\/\/dmd.eu\/fr\/wp-json\/wp\/v2\/product_cat?post=7476"},{"taxonomy":"product_tag","embeddable":true,"href":"https:\/\/dmd.eu\/fr\/wp-json\/wp\/v2\/product_tag?post=7476"},{"taxonomy":"giftcard-category","embeddable":true,"href":"https:\/\/dmd.eu\/fr\/wp-json\/wp\/v2\/giftcard-category?post=7476"}],"curies":[{"name":"wp","href":"https:\/\/api.w.org\/{rel}","templated":true}]}}