{"id":7471,"date":"2023-08-25T19:34:48","date_gmt":"2023-08-25T17:34:48","guid":{"rendered":"https:\/\/www.dmd.eu\/product\/non%20class\u00e9\/off-road-peak\/"},"modified":"2026-04-10T08:02:36","modified_gmt":"2026-04-10T06:02:36","slug":"off-road-peak","status":"publish","type":"product","link":"https:\/\/dmd.eu\/fr\/prodotto\/casques-jet\/accessoires\/off-road-peak\/","title":{"rendered":"OFF-ROAD PEAK"},"content":{"rendered":"<p>L&rsquo;<strong>accessoire Off-Road Peak<\/strong>\u00a0est une casquette pare-soleil pour motocross\/enduro \u00e9quip\u00e9 de 3 boutons pression r\u00e9glables.<br \/>\nApplicable \u00e0 tous les casques Jet, cet accessoire provient de la c\u00e9l\u00e8bre casquette MX des ann\u00e9es 1970.<br \/>\nDisponible en quatre couleurs: blanc, rouge, bleu et noir.<\/p>\n","protected":false},"excerpt":{"rendered":"<p>L&rsquo;accessoire Off-Road Peak\u00a0est une casquette pare-soleil pour motocross\/enduro \u00e9quip\u00e9 de 3 boutons pression r\u00e9glables. Applicable \u00e0 tous les casques Jet, cet accessoire provient de la c\u00e9l\u00e8bre casquette MX des ann\u00e9es 1970. Disponible en quatre couleurs: blanc, rouge, bleu et noir.<\/p>\n","protected":false},"featured_media":55694,"comment_status":"closed","ping_status":"closed","template":"","meta":{"_acf_changed":false},"product_brand":[],"product_cat":[182,120],"product_tag":[],"giftcard-category":[],"class_list":{"0":"post-7471","1":"product","2":"type-product","3":"status-publish","4":"has-post-thumbnail","6":"product_cat-accessoires","7":"product_cat-casques-jet","9":"first","10":"instock","11":"taxable","12":"shipping-taxable","13":"purchasable","14":"product-type-variable"},"acf":[],"jetpack_sharing_enabled":true,"_links":{"self":[{"href":"https:\/\/dmd.eu\/fr\/wp-json\/wp\/v2\/product\/7471","targetHints":{"allow":["GET"]}}],"collection":[{"href":"https:\/\/dmd.eu\/fr\/wp-json\/wp\/v2\/product"}],"about":[{"href":"https:\/\/dmd.eu\/fr\/wp-json\/wp\/v2\/types\/product"}],"replies":[{"embeddable":true,"href":"https:\/\/dmd.eu\/fr\/wp-json\/wp\/v2\/comments?post=7471"}],"wp:featuredmedia":[{"embeddable":true,"href":"https:\/\/dmd.eu\/fr\/wp-json\/wp\/v2\/media\/55694"}],"wp:attachment":[{"href":"https:\/\/dmd.eu\/fr\/wp-json\/wp\/v2\/media?parent=7471"}],"wp:term":[{"taxonomy":"product_brand","embeddable":true,"href":"https:\/\/dmd.eu\/fr\/wp-json\/wp\/v2\/product_brand?post=7471"},{"taxonomy":"product_cat","embeddable":true,"href":"https:\/\/dmd.eu\/fr\/wp-json\/wp\/v2\/product_cat?post=7471"},{"taxonomy":"product_tag","embeddable":true,"href":"https:\/\/dmd.eu\/fr\/wp-json\/wp\/v2\/product_tag?post=7471"},{"taxonomy":"giftcard-category","embeddable":true,"href":"https:\/\/dmd.eu\/fr\/wp-json\/wp\/v2\/giftcard-category?post=7471"}],"curies":[{"name":"wp","href":"https:\/\/api.w.org\/{rel}","templated":true}]}}