{"id":7469,"date":"2023-08-25T19:34:46","date_gmt":"2023-08-25T17:34:46","guid":{"rendered":"https:\/\/www.dmd.eu\/product\/non%20class\u00e9\/standard-peak\/"},"modified":"2026-04-17T09:39:38","modified_gmt":"2026-04-17T07:39:38","slug":"standard-peak","status":"publish","type":"product","link":"https:\/\/dmd.eu\/fr\/prodotto\/casques-jet\/accessoires\/standard-peak\/","title":{"rendered":"STANDARD PEAK"},"content":{"rendered":"<p>L&rsquo;<strong>accessoire Standard Peak<\/strong>\u00a0est con\u00e7u pour les casques de moto DMD Jet et peut \u00eatre appliqu\u00e9 \u00e0 l&rsquo;aide de boutons sur la coque du casque. Cette casquette donnera une touche suppl\u00e9mentaire \u00e0 votre casque de moto Jet et \u00e0 votre look de rider. Le\u00a0Standard Peak pour casques de moto Jet\u00a0est disponible uniquement en noir.<\/p>\n","protected":false},"excerpt":{"rendered":"<p>L&rsquo;accessoire Standard Peak\u00a0est con\u00e7u pour les casques de moto DMD Jet et peut \u00eatre appliqu\u00e9 \u00e0 l&rsquo;aide de boutons sur la coque du casque. Cette casquette donnera une touche suppl\u00e9mentaire \u00e0 votre casque de moto Jet et \u00e0 votre look de rider. Le\u00a0Standard Peak pour casques de moto Jet\u00a0est disponible uniquement en noir.<\/p>\n","protected":false},"featured_media":7381,"comment_status":"closed","ping_status":"closed","template":"","meta":{"_acf_changed":false},"product_brand":[],"product_cat":[182,120],"product_tag":[],"giftcard-category":[],"class_list":{"0":"post-7469","1":"product","2":"type-product","3":"status-publish","4":"has-post-thumbnail","6":"product_cat-accessoires","7":"product_cat-casques-jet","9":"first","10":"instock","11":"taxable","12":"shipping-taxable","13":"purchasable","14":"product-type-simple"},"acf":[],"jetpack_sharing_enabled":true,"_links":{"self":[{"href":"https:\/\/dmd.eu\/fr\/wp-json\/wp\/v2\/product\/7469","targetHints":{"allow":["GET"]}}],"collection":[{"href":"https:\/\/dmd.eu\/fr\/wp-json\/wp\/v2\/product"}],"about":[{"href":"https:\/\/dmd.eu\/fr\/wp-json\/wp\/v2\/types\/product"}],"replies":[{"embeddable":true,"href":"https:\/\/dmd.eu\/fr\/wp-json\/wp\/v2\/comments?post=7469"}],"wp:featuredmedia":[{"embeddable":true,"href":"https:\/\/dmd.eu\/fr\/wp-json\/wp\/v2\/media\/7381"}],"wp:attachment":[{"href":"https:\/\/dmd.eu\/fr\/wp-json\/wp\/v2\/media?parent=7469"}],"wp:term":[{"taxonomy":"product_brand","embeddable":true,"href":"https:\/\/dmd.eu\/fr\/wp-json\/wp\/v2\/product_brand?post=7469"},{"taxonomy":"product_cat","embeddable":true,"href":"https:\/\/dmd.eu\/fr\/wp-json\/wp\/v2\/product_cat?post=7469"},{"taxonomy":"product_tag","embeddable":true,"href":"https:\/\/dmd.eu\/fr\/wp-json\/wp\/v2\/product_tag?post=7469"},{"taxonomy":"giftcard-category","embeddable":true,"href":"https:\/\/dmd.eu\/fr\/wp-json\/wp\/v2\/giftcard-category?post=7469"}],"curies":[{"name":"wp","href":"https:\/\/api.w.org\/{rel}","templated":true}]}}