{"id":7053,"date":"2023-08-24T12:00:48","date_gmt":"2023-08-24T10:00:48","guid":{"rendered":"https:\/\/www.dmd.eu\/product\/non%20class\u00e9\/caffe\/"},"modified":"2026-03-26T23:03:28","modified_gmt":"2026-03-26T22:03:28","slug":"caffe","status":"publish","type":"product","link":"https:\/\/dmd.eu\/fr\/prodotto\/ventes\/casques-sale\/caffe\/","title":{"rendered":"CAFF\u00c8"},"content":{"rendered":"<p>Le\u00a0<strong>casque jet Vintage Caf\u00e9<\/strong>\u00a0est fabriqu\u00e9 dans la couleur \u00ab\u00a0caf\u00e9\u00a0\u00bb avec une finition mate. La simplicit\u00e9 de ce mod\u00e8le en fait un accessoire parfait pour votre moto, qu&rsquo;elle soit Custom, Vintage ou Caf\u00e9 Racer. C&rsquo;est aussi un mod\u00e8le id\u00e9al pour le scoot\u00e9riste qui recherche un casque confortable, petit, s\u00fbr et original.<\/p>\n<p>*Mod\u00e8le homologu\u00e9 ECE 22.05, conforme \u00e0 la r\u00e9glementation routi\u00e8re, vous permettant de continuer \u00e0 l&rsquo;utiliser en toute s\u00e9curit\u00e9 et sans pr\u00e9occupations.<\/p>\n","protected":false},"excerpt":{"rendered":"<p>Le\u00a0casque jet Vintage Caf\u00e9\u00a0est fabriqu\u00e9 dans la couleur \u00ab\u00a0caf\u00e9\u00a0\u00bb avec une finition mate. La simplicit\u00e9 de ce mod\u00e8le en fait un accessoire parfait pour votre moto, qu&rsquo;elle soit Custom, Vintage ou Caf\u00e9 Racer. C&rsquo;est aussi un mod\u00e8le id\u00e9al pour le scoot\u00e9riste qui recherche un casque confortable, petit, s\u00fbr et original. *Mod\u00e8le homologu\u00e9 ECE 22.05, conforme [&hellip;]<\/p>\n","protected":false},"featured_media":5252,"comment_status":"closed","ping_status":"closed","template":"","meta":{"_acf_changed":false},"product_brand":[],"product_cat":[421,408],"product_tag":[],"giftcard-category":[],"class_list":{"0":"post-7053","1":"product","2":"type-product","3":"status-publish","4":"has-post-thumbnail","6":"product_cat-casques-sale","7":"product_cat-ventes","9":"first","10":"instock","11":"sale","12":"taxable","13":"shipping-taxable","14":"purchasable","15":"product-type-variable"},"acf":[],"jetpack_sharing_enabled":true,"_links":{"self":[{"href":"https:\/\/dmd.eu\/fr\/wp-json\/wp\/v2\/product\/7053","targetHints":{"allow":["GET"]}}],"collection":[{"href":"https:\/\/dmd.eu\/fr\/wp-json\/wp\/v2\/product"}],"about":[{"href":"https:\/\/dmd.eu\/fr\/wp-json\/wp\/v2\/types\/product"}],"replies":[{"embeddable":true,"href":"https:\/\/dmd.eu\/fr\/wp-json\/wp\/v2\/comments?post=7053"}],"wp:featuredmedia":[{"embeddable":true,"href":"https:\/\/dmd.eu\/fr\/wp-json\/wp\/v2\/media\/5252"}],"wp:attachment":[{"href":"https:\/\/dmd.eu\/fr\/wp-json\/wp\/v2\/media?parent=7053"}],"wp:term":[{"taxonomy":"product_brand","embeddable":true,"href":"https:\/\/dmd.eu\/fr\/wp-json\/wp\/v2\/product_brand?post=7053"},{"taxonomy":"product_cat","embeddable":true,"href":"https:\/\/dmd.eu\/fr\/wp-json\/wp\/v2\/product_cat?post=7053"},{"taxonomy":"product_tag","embeddable":true,"href":"https:\/\/dmd.eu\/fr\/wp-json\/wp\/v2\/product_tag?post=7053"},{"taxonomy":"giftcard-category","embeddable":true,"href":"https:\/\/dmd.eu\/fr\/wp-json\/wp\/v2\/giftcard-category?post=7053"}],"curies":[{"name":"wp","href":"https:\/\/api.w.org\/{rel}","templated":true}]}}