{"id":7011,"date":"2023-08-24T12:00:36","date_gmt":"2023-08-24T10:00:36","guid":{"rendered":"https:\/\/www.dmd.eu\/product\/non%20class\u00e9\/eagle\/"},"modified":"2025-12-03T01:58:02","modified_gmt":"2025-12-03T00:58:02","slug":"eagle","status":"publish","type":"product","link":"https:\/\/dmd.eu\/fr\/prodotto\/ventes\/casques-sale\/eagle\/","title":{"rendered":"EAGLE"},"content":{"rendered":"<p>Le\u00a0<strong>casque jet Vintage Eagle<\/strong> pr\u00e9sente une base noire mate enrichie d\u2019un graphisme tr\u00e8s particulier qui rend hommage au film Easy Rider. Le casque a des lignes adaptables \u00e0 diff\u00e9rents types de motos: Custom, Vintage, Caf\u00e9 racer, Harley Davidson, Triumph, BMW, Honda, Guzzi ou Indian.<\/p>\n<p>*Mod\u00e8le homologu\u00e9 ECE 22.05, conforme \u00e0 la r\u00e9glementation routi\u00e8re, vous permettant de continuer \u00e0 l&rsquo;utiliser en toute s\u00e9curit\u00e9 et sans pr\u00e9occupations.<\/p>\n","protected":false},"excerpt":{"rendered":"<p>Le\u00a0casque jet Vintage Eagle pr\u00e9sente une base noire mate enrichie d\u2019un graphisme tr\u00e8s particulier qui rend hommage au film Easy Rider. Le casque a des lignes adaptables \u00e0 diff\u00e9rents types de motos: Custom, Vintage, Caf\u00e9 racer, Harley Davidson, Triumph, BMW, Honda, Guzzi ou Indian. *Mod\u00e8le homologu\u00e9 ECE 22.05, conforme \u00e0 la r\u00e9glementation routi\u00e8re, vous permettant [&hellip;]<\/p>\n","protected":false},"featured_media":5463,"comment_status":"closed","ping_status":"closed","template":"","meta":{"_acf_changed":false},"product_brand":[],"product_cat":[421,408],"product_tag":[],"giftcard-category":[],"class_list":{"0":"post-7011","1":"product","2":"type-product","3":"status-publish","4":"has-post-thumbnail","6":"product_cat-casques-sale","7":"product_cat-ventes","9":"first","10":"outofstock","11":"sale","12":"taxable","13":"shipping-taxable","14":"purchasable","15":"product-type-variable"},"acf":[],"jetpack_sharing_enabled":true,"_links":{"self":[{"href":"https:\/\/dmd.eu\/fr\/wp-json\/wp\/v2\/product\/7011","targetHints":{"allow":["GET"]}}],"collection":[{"href":"https:\/\/dmd.eu\/fr\/wp-json\/wp\/v2\/product"}],"about":[{"href":"https:\/\/dmd.eu\/fr\/wp-json\/wp\/v2\/types\/product"}],"replies":[{"embeddable":true,"href":"https:\/\/dmd.eu\/fr\/wp-json\/wp\/v2\/comments?post=7011"}],"wp:featuredmedia":[{"embeddable":true,"href":"https:\/\/dmd.eu\/fr\/wp-json\/wp\/v2\/media\/5463"}],"wp:attachment":[{"href":"https:\/\/dmd.eu\/fr\/wp-json\/wp\/v2\/media?parent=7011"}],"wp:term":[{"taxonomy":"product_brand","embeddable":true,"href":"https:\/\/dmd.eu\/fr\/wp-json\/wp\/v2\/product_brand?post=7011"},{"taxonomy":"product_cat","embeddable":true,"href":"https:\/\/dmd.eu\/fr\/wp-json\/wp\/v2\/product_cat?post=7011"},{"taxonomy":"product_tag","embeddable":true,"href":"https:\/\/dmd.eu\/fr\/wp-json\/wp\/v2\/product_tag?post=7011"},{"taxonomy":"giftcard-category","embeddable":true,"href":"https:\/\/dmd.eu\/fr\/wp-json\/wp\/v2\/giftcard-category?post=7011"}],"curies":[{"name":"wp","href":"https:\/\/api.w.org\/{rel}","templated":true}]}}