{"id":6942,"date":"2023-08-24T12:00:37","date_gmt":"2023-08-24T10:00:37","guid":{"rendered":"https:\/\/www.dmd.eu\/product\/non%20class\u00e9\/cream\/"},"modified":"2025-12-02T00:14:37","modified_gmt":"2025-12-01T23:14:37","slug":"cream","status":"publish","type":"product","link":"https:\/\/dmd.eu\/fr\/prodotto\/ventes\/casques-sale\/cream\/","title":{"rendered":"CREAM"},"content":{"rendered":"<p>Le\u00a0<strong>casque jet Vintage Cream<\/strong> fait partie de la collection de casques DMD Vintage. Sa couleur cr\u00e8me lui conf\u00e8re un caract\u00e8re \u00e9l\u00e9gant et intemporel, ce qui lui permet de s&rsquo;adapter \u00e0 tous les styles: parfait pour les motos Custom, Vintage, Caf\u00e9 Racer ou les scooters, le casque jet Vintage Cream enrichira votre tenue de motard.<\/p>\n<p>*Mod\u00e8le homologu\u00e9 ECE 22.05, conforme \u00e0 la r\u00e9glementation routi\u00e8re, vous permettant de continuer \u00e0 l&rsquo;utiliser en toute s\u00e9curit\u00e9 et sans pr\u00e9occupations.<\/p>\n","protected":false},"excerpt":{"rendered":"<p>Le\u00a0casque jet Vintage Cream fait partie de la collection de casques DMD Vintage. Sa couleur cr\u00e8me lui conf\u00e8re un caract\u00e8re \u00e9l\u00e9gant et intemporel, ce qui lui permet de s&rsquo;adapter \u00e0 tous les styles: parfait pour les motos Custom, Vintage, Caf\u00e9 Racer ou les scooters, le casque jet Vintage Cream enrichira votre tenue de motard. *Mod\u00e8le [&hellip;]<\/p>\n","protected":false},"featured_media":5408,"comment_status":"closed","ping_status":"closed","template":"","meta":{"_acf_changed":false},"product_brand":[],"product_cat":[421,408],"product_tag":[],"giftcard-category":[],"class_list":{"0":"post-6942","1":"product","2":"type-product","3":"status-publish","4":"has-post-thumbnail","6":"product_cat-casques-sale","7":"product_cat-ventes","9":"first","10":"instock","11":"sale","12":"taxable","13":"shipping-taxable","14":"purchasable","15":"product-type-variable"},"acf":[],"jetpack_sharing_enabled":true,"_links":{"self":[{"href":"https:\/\/dmd.eu\/fr\/wp-json\/wp\/v2\/product\/6942","targetHints":{"allow":["GET"]}}],"collection":[{"href":"https:\/\/dmd.eu\/fr\/wp-json\/wp\/v2\/product"}],"about":[{"href":"https:\/\/dmd.eu\/fr\/wp-json\/wp\/v2\/types\/product"}],"replies":[{"embeddable":true,"href":"https:\/\/dmd.eu\/fr\/wp-json\/wp\/v2\/comments?post=6942"}],"wp:featuredmedia":[{"embeddable":true,"href":"https:\/\/dmd.eu\/fr\/wp-json\/wp\/v2\/media\/5408"}],"wp:attachment":[{"href":"https:\/\/dmd.eu\/fr\/wp-json\/wp\/v2\/media?parent=6942"}],"wp:term":[{"taxonomy":"product_brand","embeddable":true,"href":"https:\/\/dmd.eu\/fr\/wp-json\/wp\/v2\/product_brand?post=6942"},{"taxonomy":"product_cat","embeddable":true,"href":"https:\/\/dmd.eu\/fr\/wp-json\/wp\/v2\/product_cat?post=6942"},{"taxonomy":"product_tag","embeddable":true,"href":"https:\/\/dmd.eu\/fr\/wp-json\/wp\/v2\/product_tag?post=6942"},{"taxonomy":"giftcard-category","embeddable":true,"href":"https:\/\/dmd.eu\/fr\/wp-json\/wp\/v2\/giftcard-category?post=6942"}],"curies":[{"name":"wp","href":"https:\/\/api.w.org\/{rel}","templated":true}]}}