{"id":6853,"date":"2023-08-24T12:00:30","date_gmt":"2023-08-24T10:00:30","guid":{"rendered":"https:\/\/www.dmd.eu\/product\/non%20class\u00e9\/solid-black\/"},"modified":"2026-02-24T15:59:15","modified_gmt":"2026-02-24T14:59:15","slug":"solid-black","status":"publish","type":"product","link":"https:\/\/dmd.eu\/fr\/prodotto\/ventes\/casques-sale\/solid-black\/","title":{"rendered":"SOLID BLACK"},"content":{"rendered":"<p>Le\u00a0<strong>casque jet Vintage Solid Black <\/strong>est s\u00fbr, confortable et compact; id\u00e9al pour ceux qui aiment l&rsquo;\u00e9l\u00e9gance simple et essentielle, m\u00eame lorsqu&rsquo;ils conduisent une moto. Sa neutralit\u00e9 et sa couleur noire brillante le rendent compatible avec tous les types de motos Custom, Vintage, Caf\u00e9 racer, Harley Davidson, Triumph, BMW, Honda, Guzzi, Indian, Vespa ou Scooter.<\/p>\n<p>*Mod\u00e8le homologu\u00e9 ECE 22.05, conforme \u00e0 la r\u00e9glementation routi\u00e8re, vous permettant de continuer \u00e0 l&rsquo;utiliser en toute s\u00e9curit\u00e9 et sans pr\u00e9occupations.<\/p>\n","protected":false},"excerpt":{"rendered":"<p>Le\u00a0casque jet Vintage Solid Black est s\u00fbr, confortable et compact; id\u00e9al pour ceux qui aiment l&rsquo;\u00e9l\u00e9gance simple et essentielle, m\u00eame lorsqu&rsquo;ils conduisent une moto. Sa neutralit\u00e9 et sa couleur noire brillante le rendent compatible avec tous les types de motos Custom, Vintage, Caf\u00e9 racer, Harley Davidson, Triumph, BMW, Honda, Guzzi, Indian, Vespa ou Scooter. *Mod\u00e8le [&hellip;]<\/p>\n","protected":false},"featured_media":6015,"comment_status":"closed","ping_status":"closed","template":"","meta":{"_acf_changed":false},"product_brand":[],"product_cat":[421,408],"product_tag":[],"giftcard-category":[],"class_list":{"0":"post-6853","1":"product","2":"type-product","3":"status-publish","4":"has-post-thumbnail","6":"product_cat-casques-sale","7":"product_cat-ventes","9":"first","10":"instock","11":"sale","12":"taxable","13":"shipping-taxable","14":"purchasable","15":"product-type-variable"},"acf":[],"jetpack_sharing_enabled":true,"_links":{"self":[{"href":"https:\/\/dmd.eu\/fr\/wp-json\/wp\/v2\/product\/6853","targetHints":{"allow":["GET"]}}],"collection":[{"href":"https:\/\/dmd.eu\/fr\/wp-json\/wp\/v2\/product"}],"about":[{"href":"https:\/\/dmd.eu\/fr\/wp-json\/wp\/v2\/types\/product"}],"replies":[{"embeddable":true,"href":"https:\/\/dmd.eu\/fr\/wp-json\/wp\/v2\/comments?post=6853"}],"wp:featuredmedia":[{"embeddable":true,"href":"https:\/\/dmd.eu\/fr\/wp-json\/wp\/v2\/media\/6015"}],"wp:attachment":[{"href":"https:\/\/dmd.eu\/fr\/wp-json\/wp\/v2\/media?parent=6853"}],"wp:term":[{"taxonomy":"product_brand","embeddable":true,"href":"https:\/\/dmd.eu\/fr\/wp-json\/wp\/v2\/product_brand?post=6853"},{"taxonomy":"product_cat","embeddable":true,"href":"https:\/\/dmd.eu\/fr\/wp-json\/wp\/v2\/product_cat?post=6853"},{"taxonomy":"product_tag","embeddable":true,"href":"https:\/\/dmd.eu\/fr\/wp-json\/wp\/v2\/product_tag?post=6853"},{"taxonomy":"giftcard-category","embeddable":true,"href":"https:\/\/dmd.eu\/fr\/wp-json\/wp\/v2\/giftcard-category?post=6853"}],"curies":[{"name":"wp","href":"https:\/\/api.w.org\/{rel}","templated":true}]}}