{"id":6790,"date":"2023-08-24T12:00:32","date_gmt":"2023-08-24T10:00:32","guid":{"rendered":"https:\/\/www.dmd.eu\/product\/non%20class\u00e9\/glitter-silver\/"},"modified":"2025-12-03T01:58:04","modified_gmt":"2025-12-03T00:58:04","slug":"glitter-silver","status":"publish","type":"product","link":"https:\/\/dmd.eu\/fr\/prodotto\/ventes\/casques-sale\/glitter-silver\/","title":{"rendered":"GLITTER SILVER"},"content":{"rendered":"<p>Le\u00a0<strong>casque jet Vintage Glitter Silver<\/strong>\u00a0est simple mais spectaculaire gr\u00e2ce \u00e0 la finition glitter qui compl\u00e8te une base monochrome argent. L\u2019ajustement est confortable et r\u00e9pond \u00e0 toutes les exigences de s\u00e9curit\u00e9 modernes. Id\u00e9al pour ceux qui aiment les lignes simples et un design essentiel sur leur moto.<\/p>\n<p>*Mod\u00e8le homologu\u00e9 ECE 22.05, conforme \u00e0 la r\u00e9glementation routi\u00e8re, vous permettant de continuer \u00e0 l&rsquo;utiliser en toute s\u00e9curit\u00e9 et sans pr\u00e9occupations.<\/p>\n","protected":false},"excerpt":{"rendered":"<p>Le\u00a0casque jet Vintage Glitter Silver\u00a0est simple mais spectaculaire gr\u00e2ce \u00e0 la finition glitter qui compl\u00e8te une base monochrome argent. L\u2019ajustement est confortable et r\u00e9pond \u00e0 toutes les exigences de s\u00e9curit\u00e9 modernes. Id\u00e9al pour ceux qui aiment les lignes simples et un design essentiel sur leur moto. *Mod\u00e8le homologu\u00e9 ECE 22.05, conforme \u00e0 la r\u00e9glementation routi\u00e8re, [&hellip;]<\/p>\n","protected":false},"featured_media":5618,"comment_status":"closed","ping_status":"closed","template":"","meta":{"_acf_changed":false},"product_brand":[],"product_cat":[421,408],"product_tag":[],"giftcard-category":[],"class_list":{"0":"post-6790","1":"product","2":"type-product","3":"status-publish","4":"has-post-thumbnail","6":"product_cat-casques-sale","7":"product_cat-ventes","9":"first","10":"instock","11":"sale","12":"taxable","13":"shipping-taxable","14":"purchasable","15":"product-type-variable"},"acf":[],"jetpack_sharing_enabled":true,"_links":{"self":[{"href":"https:\/\/dmd.eu\/fr\/wp-json\/wp\/v2\/product\/6790","targetHints":{"allow":["GET"]}}],"collection":[{"href":"https:\/\/dmd.eu\/fr\/wp-json\/wp\/v2\/product"}],"about":[{"href":"https:\/\/dmd.eu\/fr\/wp-json\/wp\/v2\/types\/product"}],"replies":[{"embeddable":true,"href":"https:\/\/dmd.eu\/fr\/wp-json\/wp\/v2\/comments?post=6790"}],"wp:featuredmedia":[{"embeddable":true,"href":"https:\/\/dmd.eu\/fr\/wp-json\/wp\/v2\/media\/5618"}],"wp:attachment":[{"href":"https:\/\/dmd.eu\/fr\/wp-json\/wp\/v2\/media?parent=6790"}],"wp:term":[{"taxonomy":"product_brand","embeddable":true,"href":"https:\/\/dmd.eu\/fr\/wp-json\/wp\/v2\/product_brand?post=6790"},{"taxonomy":"product_cat","embeddable":true,"href":"https:\/\/dmd.eu\/fr\/wp-json\/wp\/v2\/product_cat?post=6790"},{"taxonomy":"product_tag","embeddable":true,"href":"https:\/\/dmd.eu\/fr\/wp-json\/wp\/v2\/product_tag?post=6790"},{"taxonomy":"giftcard-category","embeddable":true,"href":"https:\/\/dmd.eu\/fr\/wp-json\/wp\/v2\/giftcard-category?post=6790"}],"curies":[{"name":"wp","href":"https:\/\/api.w.org\/{rel}","templated":true}]}}