{"id":57652,"date":"2026-05-15T16:17:23","date_gmt":"2026-05-15T14:17:23","guid":{"rendered":"https:\/\/dmd.eu\/?post_type=product&#038;p=57652"},"modified":"2026-05-15T16:25:29","modified_gmt":"2026-05-15T14:25:29","slug":"off-road-peak-noir","status":"publish","type":"product","link":"https:\/\/dmd.eu\/fr\/prodotto\/casques-jet\/accessoires\/off-road-peak-noir\/","title":{"rendered":"OFF-ROAD PEAK NOIR"},"content":{"rendered":"<p>L&rsquo;<strong>accessoire Off-Road Peak<\/strong>\u00a0est une casquette pare-soleil pour motocross\/enduro \u00e9quip\u00e9 de 3 boutons pression r\u00e9glables.<br \/>\nApplicable \u00e0 tous les casques Jet, cet accessoire provient de la c\u00e9l\u00e8bre casquette MX des ann\u00e9es 1970.<br \/>\nDisponible en quatre couleurs: blanc, rouge, bleu et noir.<\/p>\n","protected":false},"excerpt":{"rendered":"<p>L&rsquo;accessoire Off-Road Peak\u00a0est une casquette pare-soleil pour motocross\/enduro \u00e9quip\u00e9 de 3 boutons pression r\u00e9glables. Applicable \u00e0 tous les casques Jet, cet accessoire provient de la c\u00e9l\u00e8bre casquette MX des ann\u00e9es 1970. Disponible en quatre couleurs: blanc, rouge, bleu et noir.<\/p>\n","protected":false},"featured_media":57659,"comment_status":"closed","ping_status":"closed","template":"","meta":{"_acf_changed":false},"product_brand":[],"product_cat":[182,120],"product_tag":[],"giftcard-category":[],"class_list":{"0":"post-57652","1":"product","2":"type-product","3":"status-publish","4":"has-post-thumbnail","6":"product_cat-accessoires","7":"product_cat-casques-jet","9":"first","10":"instock","11":"taxable","12":"shipping-taxable","13":"purchasable","14":"product-type-simple"},"acf":[],"jetpack_sharing_enabled":true,"_links":{"self":[{"href":"https:\/\/dmd.eu\/fr\/wp-json\/wp\/v2\/product\/57652","targetHints":{"allow":["GET"]}}],"collection":[{"href":"https:\/\/dmd.eu\/fr\/wp-json\/wp\/v2\/product"}],"about":[{"href":"https:\/\/dmd.eu\/fr\/wp-json\/wp\/v2\/types\/product"}],"replies":[{"embeddable":true,"href":"https:\/\/dmd.eu\/fr\/wp-json\/wp\/v2\/comments?post=57652"}],"wp:featuredmedia":[{"embeddable":true,"href":"https:\/\/dmd.eu\/fr\/wp-json\/wp\/v2\/media\/57659"}],"wp:attachment":[{"href":"https:\/\/dmd.eu\/fr\/wp-json\/wp\/v2\/media?parent=57652"}],"wp:term":[{"taxonomy":"product_brand","embeddable":true,"href":"https:\/\/dmd.eu\/fr\/wp-json\/wp\/v2\/product_brand?post=57652"},{"taxonomy":"product_cat","embeddable":true,"href":"https:\/\/dmd.eu\/fr\/wp-json\/wp\/v2\/product_cat?post=57652"},{"taxonomy":"product_tag","embeddable":true,"href":"https:\/\/dmd.eu\/fr\/wp-json\/wp\/v2\/product_tag?post=57652"},{"taxonomy":"giftcard-category","embeddable":true,"href":"https:\/\/dmd.eu\/fr\/wp-json\/wp\/v2\/giftcard-category?post=57652"}],"curies":[{"name":"wp","href":"https:\/\/api.w.org\/{rel}","templated":true}]}}