{"id":56657,"date":"2026-04-17T12:35:02","date_gmt":"2026-04-17T10:35:02","guid":{"rendered":"https:\/\/dmd.eu\/?post_type=product&#038;p=56657"},"modified":"2026-04-21T09:46:45","modified_gmt":"2026-04-21T07:46:45","slug":"shield-yellow-perfore","status":"publish","type":"product","link":"https:\/\/dmd.eu\/fr\/prodotto\/vetements-moto\/gants\/shield-yellow-perfore\/","title":{"rendered":"SHIELD YELLOW LEATHER PERFOR\u00c9"},"content":{"rendered":"<p>Les <strong>gants de moto Shield Yellow Perfor\u00e9<\/strong> sign\u00e9s DMD sont fabriqu\u00e9s en v\u00e9ritable cuir italien et con\u00e7us pour les motards \u00e0 la recherche d\u2019un \u00e9quipement raffin\u00e9. Le cuir perfor\u00e9, de couleur jaune, garantit une excellente ventilation, gardant les mains fra\u00eeches et s\u00e8ches m\u00eame pendant les journ\u00e9es les plus chaudes. Souples et confortables, ils assurent une grande sensibilit\u00e9 sur les commandes et un contr\u00f4le pr\u00e9cis en toute situation. Style distinctif et fonctionnalit\u00e9 maximale, sign\u00e9s DMD.<\/p>\n<p>Ils sont \u00e9galement homologu\u00e9s CE pour rouler en toute s\u00e9curit\u00e9.<\/p>\n","protected":false},"excerpt":{"rendered":"<p>Les gants de moto Shield Yellow Perfor\u00e9 sign\u00e9s DMD sont fabriqu\u00e9s en v\u00e9ritable cuir italien et con\u00e7us pour les motards \u00e0 la recherche d\u2019un \u00e9quipement raffin\u00e9. Le cuir perfor\u00e9, de couleur jaune, garantit une excellente ventilation, gardant les mains fra\u00eeches et s\u00e8ches m\u00eame pendant les journ\u00e9es les plus chaudes. Souples et confortables, ils assurent une [&hellip;]<\/p>\n","protected":false},"featured_media":56716,"comment_status":"closed","ping_status":"closed","template":"","meta":{"_acf_changed":false},"product_brand":[],"product_cat":[352,263],"product_tag":[],"giftcard-category":[],"class_list":{"0":"post-56657","1":"product","2":"type-product","3":"status-publish","4":"has-post-thumbnail","6":"product_cat-gants","7":"product_cat-vetements-moto","9":"first","10":"instock","11":"taxable","12":"shipping-taxable","13":"purchasable","14":"product-type-variable"},"acf":[],"jetpack_sharing_enabled":true,"_links":{"self":[{"href":"https:\/\/dmd.eu\/fr\/wp-json\/wp\/v2\/product\/56657","targetHints":{"allow":["GET"]}}],"collection":[{"href":"https:\/\/dmd.eu\/fr\/wp-json\/wp\/v2\/product"}],"about":[{"href":"https:\/\/dmd.eu\/fr\/wp-json\/wp\/v2\/types\/product"}],"replies":[{"embeddable":true,"href":"https:\/\/dmd.eu\/fr\/wp-json\/wp\/v2\/comments?post=56657"}],"wp:featuredmedia":[{"embeddable":true,"href":"https:\/\/dmd.eu\/fr\/wp-json\/wp\/v2\/media\/56716"}],"wp:attachment":[{"href":"https:\/\/dmd.eu\/fr\/wp-json\/wp\/v2\/media?parent=56657"}],"wp:term":[{"taxonomy":"product_brand","embeddable":true,"href":"https:\/\/dmd.eu\/fr\/wp-json\/wp\/v2\/product_brand?post=56657"},{"taxonomy":"product_cat","embeddable":true,"href":"https:\/\/dmd.eu\/fr\/wp-json\/wp\/v2\/product_cat?post=56657"},{"taxonomy":"product_tag","embeddable":true,"href":"https:\/\/dmd.eu\/fr\/wp-json\/wp\/v2\/product_tag?post=56657"},{"taxonomy":"giftcard-category","embeddable":true,"href":"https:\/\/dmd.eu\/fr\/wp-json\/wp\/v2\/giftcard-category?post=56657"}],"curies":[{"name":"wp","href":"https:\/\/api.w.org\/{rel}","templated":true}]}}