{"id":56293,"date":"2026-04-13T11:06:05","date_gmt":"2026-04-13T09:06:05","guid":{"rendered":"https:\/\/dmd.eu\/?post_type=product&#038;p=56293"},"modified":"2026-04-17T16:41:57","modified_gmt":"2026-04-17T14:41:57","slug":"salvia","status":"publish","type":"product","link":"https:\/\/dmd.eu\/fr\/prodotto\/sesiaeco-x-dmd\/salvia\/","title":{"rendered":"SALVIA"},"content":{"rendered":"<p>Le <strong>casque jet Salvia<\/strong> fait partie de la collection Sesia&amp;Co. x DMD. La coque est monochrome, r\u00e9alis\u00e9e dans une teinte sauge: un choix qui conf\u00e8re au casque un look d\u00e9licat et contemporain, parfait pour un style raffin\u00e9 et \u00e9quilibr\u00e9.<\/p>\n","protected":false},"excerpt":{"rendered":"<p>Le casque jet Salvia fait partie de la collection Sesia&amp;Co. x DMD. La coque est monochrome, r\u00e9alis\u00e9e dans une teinte sauge: un choix qui conf\u00e8re au casque un look d\u00e9licat et contemporain, parfait pour un style raffin\u00e9 et \u00e9quilibr\u00e9.<\/p>\n","protected":false},"featured_media":56336,"comment_status":"closed","ping_status":"closed","template":"","meta":{"_acf_changed":false},"product_brand":[],"product_cat":[4785],"product_tag":[],"giftcard-category":[],"class_list":{"0":"post-56293","1":"product","2":"type-product","3":"status-publish","4":"has-post-thumbnail","6":"product_cat-sesiaeco-x-dmd","8":"first","9":"instock","10":"taxable","11":"shipping-taxable","12":"purchasable","13":"product-type-variable"},"acf":[],"jetpack_sharing_enabled":true,"_links":{"self":[{"href":"https:\/\/dmd.eu\/fr\/wp-json\/wp\/v2\/product\/56293","targetHints":{"allow":["GET"]}}],"collection":[{"href":"https:\/\/dmd.eu\/fr\/wp-json\/wp\/v2\/product"}],"about":[{"href":"https:\/\/dmd.eu\/fr\/wp-json\/wp\/v2\/types\/product"}],"replies":[{"embeddable":true,"href":"https:\/\/dmd.eu\/fr\/wp-json\/wp\/v2\/comments?post=56293"}],"wp:featuredmedia":[{"embeddable":true,"href":"https:\/\/dmd.eu\/fr\/wp-json\/wp\/v2\/media\/56336"}],"wp:attachment":[{"href":"https:\/\/dmd.eu\/fr\/wp-json\/wp\/v2\/media?parent=56293"}],"wp:term":[{"taxonomy":"product_brand","embeddable":true,"href":"https:\/\/dmd.eu\/fr\/wp-json\/wp\/v2\/product_brand?post=56293"},{"taxonomy":"product_cat","embeddable":true,"href":"https:\/\/dmd.eu\/fr\/wp-json\/wp\/v2\/product_cat?post=56293"},{"taxonomy":"product_tag","embeddable":true,"href":"https:\/\/dmd.eu\/fr\/wp-json\/wp\/v2\/product_tag?post=56293"},{"taxonomy":"giftcard-category","embeddable":true,"href":"https:\/\/dmd.eu\/fr\/wp-json\/wp\/v2\/giftcard-category?post=56293"}],"curies":[{"name":"wp","href":"https:\/\/api.w.org\/{rel}","templated":true}]}}