{"id":56193,"date":"2026-04-13T10:49:21","date_gmt":"2026-04-13T08:49:21","guid":{"rendered":"https:\/\/dmd.eu\/?post_type=product&#038;p=56193"},"modified":"2026-04-17T16:41:24","modified_gmt":"2026-04-17T14:41:24","slug":"cielo","status":"publish","type":"product","link":"https:\/\/dmd.eu\/fr\/prodotto\/sesiaeco-x-dmd\/cielo\/","title":{"rendered":"CIELO"},"content":{"rendered":"<p>Le <strong>casque jet Cielo<\/strong> fait partie de la collection Sesia&amp;Co. x DMD. La coque est monochrome, r\u00e9alis\u00e9e dans une teinte ciel: un choix qui conf\u00e8re au casque un look frais et lumineux, parfait pour un style essentiel et contemporain.<\/p>\n","protected":false},"excerpt":{"rendered":"<p>Le casque jet Cielo fait partie de la collection Sesia&amp;Co. x DMD. La coque est monochrome, r\u00e9alis\u00e9e dans une teinte ciel: un choix qui conf\u00e8re au casque un look frais et lumineux, parfait pour un style essentiel et contemporain.<\/p>\n","protected":false},"featured_media":56236,"comment_status":"closed","ping_status":"closed","template":"","meta":{"_acf_changed":false},"product_brand":[],"product_cat":[4785],"product_tag":[],"giftcard-category":[],"class_list":{"0":"post-56193","1":"product","2":"type-product","3":"status-publish","4":"has-post-thumbnail","6":"product_cat-sesiaeco-x-dmd","8":"first","9":"instock","10":"taxable","11":"shipping-taxable","12":"purchasable","13":"product-type-variable"},"acf":[],"jetpack_sharing_enabled":true,"_links":{"self":[{"href":"https:\/\/dmd.eu\/fr\/wp-json\/wp\/v2\/product\/56193","targetHints":{"allow":["GET"]}}],"collection":[{"href":"https:\/\/dmd.eu\/fr\/wp-json\/wp\/v2\/product"}],"about":[{"href":"https:\/\/dmd.eu\/fr\/wp-json\/wp\/v2\/types\/product"}],"replies":[{"embeddable":true,"href":"https:\/\/dmd.eu\/fr\/wp-json\/wp\/v2\/comments?post=56193"}],"wp:featuredmedia":[{"embeddable":true,"href":"https:\/\/dmd.eu\/fr\/wp-json\/wp\/v2\/media\/56236"}],"wp:attachment":[{"href":"https:\/\/dmd.eu\/fr\/wp-json\/wp\/v2\/media?parent=56193"}],"wp:term":[{"taxonomy":"product_brand","embeddable":true,"href":"https:\/\/dmd.eu\/fr\/wp-json\/wp\/v2\/product_brand?post=56193"},{"taxonomy":"product_cat","embeddable":true,"href":"https:\/\/dmd.eu\/fr\/wp-json\/wp\/v2\/product_cat?post=56193"},{"taxonomy":"product_tag","embeddable":true,"href":"https:\/\/dmd.eu\/fr\/wp-json\/wp\/v2\/product_tag?post=56193"},{"taxonomy":"giftcard-category","embeddable":true,"href":"https:\/\/dmd.eu\/fr\/wp-json\/wp\/v2\/giftcard-category?post=56193"}],"curies":[{"name":"wp","href":"https:\/\/api.w.org\/{rel}","templated":true}]}}