{"id":56031,"date":"2026-04-10T14:45:14","date_gmt":"2026-04-10T12:45:14","guid":{"rendered":"https:\/\/dmd.eu\/?post_type=product&#038;p=56031"},"modified":"2026-04-17T16:40:56","modified_gmt":"2026-04-17T14:40:56","slug":"cappuccino","status":"publish","type":"product","link":"https:\/\/dmd.eu\/fr\/prodotto\/sesiaeco-x-dmd\/cappuccino\/","title":{"rendered":"CAPPUCCINO"},"content":{"rendered":"<p>Le <strong>casque jet Cappuccino<\/strong> fait partie de la collection Sesia&amp;Co. x DMD. La coque est monochrome, r\u00e9alis\u00e9e dans une douce teinte cappuccino: un choix qui conf\u00e8re au casque un look raffin\u00e9 et harmonieux, parfait pour ceux qui recherchent un style \u00e9l\u00e9gant et intemporel.<\/p>\n","protected":false},"excerpt":{"rendered":"<p>Le casque jet Cappuccino fait partie de la collection Sesia&amp;Co. x DMD. La coque est monochrome, r\u00e9alis\u00e9e dans une douce teinte cappuccino: un choix qui conf\u00e8re au casque un look raffin\u00e9 et harmonieux, parfait pour ceux qui recherchent un style \u00e9l\u00e9gant et intemporel.<\/p>\n","protected":false},"featured_media":56081,"comment_status":"closed","ping_status":"closed","template":"","meta":{"_acf_changed":false},"product_brand":[],"product_cat":[4785],"product_tag":[],"giftcard-category":[],"class_list":{"0":"post-56031","1":"product","2":"type-product","3":"status-publish","4":"has-post-thumbnail","6":"product_cat-sesiaeco-x-dmd","8":"first","9":"instock","10":"taxable","11":"shipping-taxable","12":"purchasable","13":"product-type-variable"},"acf":[],"jetpack_sharing_enabled":true,"_links":{"self":[{"href":"https:\/\/dmd.eu\/fr\/wp-json\/wp\/v2\/product\/56031","targetHints":{"allow":["GET"]}}],"collection":[{"href":"https:\/\/dmd.eu\/fr\/wp-json\/wp\/v2\/product"}],"about":[{"href":"https:\/\/dmd.eu\/fr\/wp-json\/wp\/v2\/types\/product"}],"replies":[{"embeddable":true,"href":"https:\/\/dmd.eu\/fr\/wp-json\/wp\/v2\/comments?post=56031"}],"wp:featuredmedia":[{"embeddable":true,"href":"https:\/\/dmd.eu\/fr\/wp-json\/wp\/v2\/media\/56081"}],"wp:attachment":[{"href":"https:\/\/dmd.eu\/fr\/wp-json\/wp\/v2\/media?parent=56031"}],"wp:term":[{"taxonomy":"product_brand","embeddable":true,"href":"https:\/\/dmd.eu\/fr\/wp-json\/wp\/v2\/product_brand?post=56031"},{"taxonomy":"product_cat","embeddable":true,"href":"https:\/\/dmd.eu\/fr\/wp-json\/wp\/v2\/product_cat?post=56031"},{"taxonomy":"product_tag","embeddable":true,"href":"https:\/\/dmd.eu\/fr\/wp-json\/wp\/v2\/product_tag?post=56031"},{"taxonomy":"giftcard-category","embeddable":true,"href":"https:\/\/dmd.eu\/fr\/wp-json\/wp\/v2\/giftcard-category?post=56031"}],"curies":[{"name":"wp","href":"https:\/\/api.w.org\/{rel}","templated":true}]}}