{"id":55856,"date":"2026-04-10T10:14:01","date_gmt":"2026-04-10T08:14:01","guid":{"rendered":"https:\/\/dmd.eu\/?post_type=product&#038;p=55856"},"modified":"2026-04-17T16:40:31","modified_gmt":"2026-04-17T14:40:31","slug":"zafferano","status":"publish","type":"product","link":"https:\/\/dmd.eu\/fr\/prodotto\/sesiaeco-x-dmd\/zafferano\/","title":{"rendered":"ZAFFERANO"},"content":{"rendered":"<p>Le <strong>casque jet Zafferano<\/strong> fait partie de la collection Sesia&amp;Co. x DMD. La coque est monochrome, r\u00e9alis\u00e9e dans une teinte safran vibrante: un choix qui conf\u00e8re au casque un look affirm\u00e9, lumineux et distinctif, parfait pour ceux qui aiment se faire remarquer avec style.<\/p>\n","protected":false},"excerpt":{"rendered":"<p>Le casque jet Zafferano fait partie de la collection Sesia&amp;Co. x DMD. La coque est monochrome, r\u00e9alis\u00e9e dans une teinte safran vibrante: un choix qui conf\u00e8re au casque un look affirm\u00e9, lumineux et distinctif, parfait pour ceux qui aiment se faire remarquer avec style.<\/p>\n","protected":false},"featured_media":55993,"comment_status":"closed","ping_status":"closed","template":"","meta":{"_acf_changed":false},"product_brand":[],"product_cat":[4785],"product_tag":[],"giftcard-category":[],"class_list":{"0":"post-55856","1":"product","2":"type-product","3":"status-publish","4":"has-post-thumbnail","6":"product_cat-sesiaeco-x-dmd","8":"first","9":"instock","10":"taxable","11":"shipping-taxable","12":"purchasable","13":"product-type-variable"},"acf":[],"jetpack_sharing_enabled":true,"_links":{"self":[{"href":"https:\/\/dmd.eu\/fr\/wp-json\/wp\/v2\/product\/55856","targetHints":{"allow":["GET"]}}],"collection":[{"href":"https:\/\/dmd.eu\/fr\/wp-json\/wp\/v2\/product"}],"about":[{"href":"https:\/\/dmd.eu\/fr\/wp-json\/wp\/v2\/types\/product"}],"replies":[{"embeddable":true,"href":"https:\/\/dmd.eu\/fr\/wp-json\/wp\/v2\/comments?post=55856"}],"wp:featuredmedia":[{"embeddable":true,"href":"https:\/\/dmd.eu\/fr\/wp-json\/wp\/v2\/media\/55993"}],"wp:attachment":[{"href":"https:\/\/dmd.eu\/fr\/wp-json\/wp\/v2\/media?parent=55856"}],"wp:term":[{"taxonomy":"product_brand","embeddable":true,"href":"https:\/\/dmd.eu\/fr\/wp-json\/wp\/v2\/product_brand?post=55856"},{"taxonomy":"product_cat","embeddable":true,"href":"https:\/\/dmd.eu\/fr\/wp-json\/wp\/v2\/product_cat?post=55856"},{"taxonomy":"product_tag","embeddable":true,"href":"https:\/\/dmd.eu\/fr\/wp-json\/wp\/v2\/product_tag?post=55856"},{"taxonomy":"giftcard-category","embeddable":true,"href":"https:\/\/dmd.eu\/fr\/wp-json\/wp\/v2\/giftcard-category?post=55856"}],"curies":[{"name":"wp","href":"https:\/\/api.w.org\/{rel}","templated":true}]}}