{"id":54156,"date":"2026-01-15T17:32:54","date_gmt":"2026-01-15T16:32:54","guid":{"rendered":"https:\/\/dmd.eu\/?post_type=product&#038;p=54156"},"modified":"2026-02-23T12:41:46","modified_gmt":"2026-02-23T11:41:46","slug":"checkmate","status":"publish","type":"product","link":"https:\/\/dmd.eu\/fr\/prodotto\/vetements-moto\/bandanas\/checkmate\/","title":{"rendered":"CHECKMATE"},"content":{"rendered":"<p>Le\u00a0<strong>bandana de moto Checkmate<\/strong>\u00a0est enti\u00e8rement fabriqu\u00e9e en Italie en coton et soie.<br \/>\nPratique et polyvalente, c\u2019est une pi\u00e8ce classique pour tous les bikers et un accessoire utile pour se prot\u00e9ger du froid, du vent et des insectes.<br \/>\nElle pr\u00e9sente des graphismes et motifs accrocheurs r\u00e9alis\u00e9s en exclusivit\u00e9 pour DMD.<\/p>\n","protected":false},"excerpt":{"rendered":"<p>Le\u00a0bandana de moto Checkmate\u00a0est enti\u00e8rement fabriqu\u00e9e en Italie en coton et soie. Pratique et polyvalente, c\u2019est une pi\u00e8ce classique pour tous les bikers et un accessoire utile pour se prot\u00e9ger du froid, du vent et des insectes. Elle pr\u00e9sente des graphismes et motifs accrocheurs r\u00e9alis\u00e9s en exclusivit\u00e9 pour DMD.<\/p>\n","protected":false},"featured_media":55324,"comment_status":"closed","ping_status":"closed","template":"","meta":{"_acf_changed":false},"product_brand":[],"product_cat":[357,263],"product_tag":[],"giftcard-category":[],"class_list":{"0":"post-54156","1":"product","2":"type-product","3":"status-publish","4":"has-post-thumbnail","6":"product_cat-bandanas","7":"product_cat-vetements-moto","9":"first","10":"instock","11":"taxable","12":"shipping-taxable","13":"purchasable","14":"product-type-simple"},"acf":[],"jetpack_sharing_enabled":true,"_links":{"self":[{"href":"https:\/\/dmd.eu\/fr\/wp-json\/wp\/v2\/product\/54156","targetHints":{"allow":["GET"]}}],"collection":[{"href":"https:\/\/dmd.eu\/fr\/wp-json\/wp\/v2\/product"}],"about":[{"href":"https:\/\/dmd.eu\/fr\/wp-json\/wp\/v2\/types\/product"}],"replies":[{"embeddable":true,"href":"https:\/\/dmd.eu\/fr\/wp-json\/wp\/v2\/comments?post=54156"}],"wp:featuredmedia":[{"embeddable":true,"href":"https:\/\/dmd.eu\/fr\/wp-json\/wp\/v2\/media\/55324"}],"wp:attachment":[{"href":"https:\/\/dmd.eu\/fr\/wp-json\/wp\/v2\/media?parent=54156"}],"wp:term":[{"taxonomy":"product_brand","embeddable":true,"href":"https:\/\/dmd.eu\/fr\/wp-json\/wp\/v2\/product_brand?post=54156"},{"taxonomy":"product_cat","embeddable":true,"href":"https:\/\/dmd.eu\/fr\/wp-json\/wp\/v2\/product_cat?post=54156"},{"taxonomy":"product_tag","embeddable":true,"href":"https:\/\/dmd.eu\/fr\/wp-json\/wp\/v2\/product_tag?post=54156"},{"taxonomy":"giftcard-category","embeddable":true,"href":"https:\/\/dmd.eu\/fr\/wp-json\/wp\/v2\/giftcard-category?post=54156"}],"curies":[{"name":"wp","href":"https:\/\/api.w.org\/{rel}","templated":true}]}}