{"id":54056,"date":"2026-01-14T10:50:22","date_gmt":"2026-01-14T09:50:22","guid":{"rendered":"https:\/\/dmd.eu\/?post_type=product&#038;p=54056"},"modified":"2026-02-23T10:27:48","modified_gmt":"2026-02-23T09:27:48","slug":"parallel","status":"publish","type":"product","link":"https:\/\/dmd.eu\/fr\/prodotto\/casques-handmade\/parallel\/","title":{"rendered":"PARALLEL"},"content":{"rendered":"<p>Le <strong>casque int\u00e9graux Handmade Parallel<\/strong> est un mod\u00e8le distinctif de la collection Handmade, enti\u00e8rement peint \u00e0 la main pour garantir un graphisme unique associ\u00e9 \u00e0 un savoir-faire artisanal sans compromis. Caract\u00e9ris\u00e9 par un design g\u00e9om\u00e9trique dynamique, il se distingue par le contraste entre la base bleu intense et les d\u00e9tails cr\u00e8me dispos\u00e9s en motifs irr\u00e9guliers, cr\u00e9ant un effet moderne et original qui attire le regard. Chaque pi\u00e8ce est diff\u00e9rente gr\u00e2ce au travail manuel qui rend chaque casque exclusif. Au design compact et au go\u00fbt contemporain, Parallel est con\u00e7u pour ceux qui veulent se d\u00e9marquer avec un style affirm\u00e9 sans renoncer au confort et \u00e0 la protection d\u2019un casque int\u00e9gral.<br \/>\nR\u00e9alis\u00e9 avec peinture mate.<br \/>\nFabriqu\u00e9 en Italie, avec passion.<\/p>\n","protected":false},"excerpt":{"rendered":"<p>Le casque int\u00e9graux Handmade Parallel est un mod\u00e8le distinctif de la collection Handmade, enti\u00e8rement peint \u00e0 la main pour garantir un graphisme unique associ\u00e9 \u00e0 un savoir-faire artisanal sans compromis. Caract\u00e9ris\u00e9 par un design g\u00e9om\u00e9trique dynamique, il se distingue par le contraste entre la base bleu intense et les d\u00e9tails cr\u00e8me dispos\u00e9s en motifs irr\u00e9guliers, [&hellip;]<\/p>\n","protected":false},"featured_media":54084,"comment_status":"closed","ping_status":"closed","template":"","meta":{"_acf_changed":false},"product_brand":[],"product_cat":[106],"product_tag":[],"giftcard-category":[],"class_list":{"0":"post-54056","1":"product","2":"type-product","3":"status-publish","4":"has-post-thumbnail","6":"product_cat-casques-handmade","8":"first","9":"instock","10":"taxable","11":"shipping-taxable","12":"purchasable","13":"product-type-variable"},"acf":[],"jetpack_sharing_enabled":true,"_links":{"self":[{"href":"https:\/\/dmd.eu\/fr\/wp-json\/wp\/v2\/product\/54056","targetHints":{"allow":["GET"]}}],"collection":[{"href":"https:\/\/dmd.eu\/fr\/wp-json\/wp\/v2\/product"}],"about":[{"href":"https:\/\/dmd.eu\/fr\/wp-json\/wp\/v2\/types\/product"}],"replies":[{"embeddable":true,"href":"https:\/\/dmd.eu\/fr\/wp-json\/wp\/v2\/comments?post=54056"}],"wp:featuredmedia":[{"embeddable":true,"href":"https:\/\/dmd.eu\/fr\/wp-json\/wp\/v2\/media\/54084"}],"wp:attachment":[{"href":"https:\/\/dmd.eu\/fr\/wp-json\/wp\/v2\/media?parent=54056"}],"wp:term":[{"taxonomy":"product_brand","embeddable":true,"href":"https:\/\/dmd.eu\/fr\/wp-json\/wp\/v2\/product_brand?post=54056"},{"taxonomy":"product_cat","embeddable":true,"href":"https:\/\/dmd.eu\/fr\/wp-json\/wp\/v2\/product_cat?post=54056"},{"taxonomy":"product_tag","embeddable":true,"href":"https:\/\/dmd.eu\/fr\/wp-json\/wp\/v2\/product_tag?post=54056"},{"taxonomy":"giftcard-category","embeddable":true,"href":"https:\/\/dmd.eu\/fr\/wp-json\/wp\/v2\/giftcard-category?post=54056"}],"curies":[{"name":"wp","href":"https:\/\/api.w.org\/{rel}","templated":true}]}}