{"id":53984,"date":"2026-01-14T10:39:37","date_gmt":"2026-01-14T09:39:37","guid":{"rendered":"https:\/\/dmd.eu\/?post_type=product&#038;p=53984"},"modified":"2026-02-23T10:25:20","modified_gmt":"2026-02-23T09:25:20","slug":"turtle","status":"publish","type":"product","link":"https:\/\/dmd.eu\/fr\/prodotto\/casques-handmade\/turtle\/","title":{"rendered":"TURTLE"},"content":{"rendered":"<p>Le <strong>casque int\u00e9graux Handmade Turtle<\/strong> est un mod\u00e8le exclusif de la collection Handmade, enti\u00e8rement r\u00e9alis\u00e9 et peint \u00e0 la main pour offrir un produit unique au caract\u00e8re \u00ab vieilli \u00bb. Ce qui le rend imm\u00e9diatement reconnaissable est sa peinture sp\u00e9ciale effet crackle, une finition particuli\u00e8re qui cr\u00e9e une texture irr\u00e9guli\u00e8re et mat\u00e9rielle rappelant la carapace d\u2019une tortue. Un d\u00e9tail artisanal qui apporte profondeur et caract\u00e8re \u00e0 la calotte, rendant chaque casque diff\u00e9rent.<br \/>\nAu go\u00fbt classique et \u00e0 l\u2019esprit vintage, Turtle allie esth\u00e9tique raffin\u00e9e et savoir-faire artisanal, tout en conservant les qualit\u00e9s d\u2019un casque int\u00e9gral con\u00e7u pour garantir confort, protection et style sans compromis.<br \/>\nR\u00e9alis\u00e9 avec peinture Crackle.<br \/>\nFabriqu\u00e9 en Italie, avec passion.<\/p>\n","protected":false},"excerpt":{"rendered":"<p>Le casque int\u00e9graux Handmade Turtle est un mod\u00e8le exclusif de la collection Handmade, enti\u00e8rement r\u00e9alis\u00e9 et peint \u00e0 la main pour offrir un produit unique au caract\u00e8re \u00ab vieilli \u00bb. Ce qui le rend imm\u00e9diatement reconnaissable est sa peinture sp\u00e9ciale effet crackle, une finition particuli\u00e8re qui cr\u00e9e une texture irr\u00e9guli\u00e8re et mat\u00e9rielle rappelant la carapace [&hellip;]<\/p>\n","protected":false},"featured_media":54019,"comment_status":"closed","ping_status":"closed","template":"","meta":{"_acf_changed":false},"product_brand":[],"product_cat":[106],"product_tag":[],"giftcard-category":[],"class_list":{"0":"post-53984","1":"product","2":"type-product","3":"status-publish","4":"has-post-thumbnail","6":"product_cat-casques-handmade","8":"first","9":"instock","10":"taxable","11":"shipping-taxable","12":"purchasable","13":"product-type-variable"},"acf":[],"jetpack_sharing_enabled":true,"_links":{"self":[{"href":"https:\/\/dmd.eu\/fr\/wp-json\/wp\/v2\/product\/53984","targetHints":{"allow":["GET"]}}],"collection":[{"href":"https:\/\/dmd.eu\/fr\/wp-json\/wp\/v2\/product"}],"about":[{"href":"https:\/\/dmd.eu\/fr\/wp-json\/wp\/v2\/types\/product"}],"replies":[{"embeddable":true,"href":"https:\/\/dmd.eu\/fr\/wp-json\/wp\/v2\/comments?post=53984"}],"wp:featuredmedia":[{"embeddable":true,"href":"https:\/\/dmd.eu\/fr\/wp-json\/wp\/v2\/media\/54019"}],"wp:attachment":[{"href":"https:\/\/dmd.eu\/fr\/wp-json\/wp\/v2\/media?parent=53984"}],"wp:term":[{"taxonomy":"product_brand","embeddable":true,"href":"https:\/\/dmd.eu\/fr\/wp-json\/wp\/v2\/product_brand?post=53984"},{"taxonomy":"product_cat","embeddable":true,"href":"https:\/\/dmd.eu\/fr\/wp-json\/wp\/v2\/product_cat?post=53984"},{"taxonomy":"product_tag","embeddable":true,"href":"https:\/\/dmd.eu\/fr\/wp-json\/wp\/v2\/product_tag?post=53984"},{"taxonomy":"giftcard-category","embeddable":true,"href":"https:\/\/dmd.eu\/fr\/wp-json\/wp\/v2\/giftcard-category?post=53984"}],"curies":[{"name":"wp","href":"https:\/\/api.w.org\/{rel}","templated":true}]}}