{"id":53907,"date":"2026-01-14T10:23:32","date_gmt":"2026-01-14T09:23:32","guid":{"rendered":"https:\/\/dmd.eu\/?post_type=product&#038;p=53907"},"modified":"2026-02-23T11:08:02","modified_gmt":"2026-02-23T10:08:02","slug":"silk","status":"publish","type":"product","link":"https:\/\/dmd.eu\/fr\/prodotto\/casques-handmade\/silk\/","title":{"rendered":"SILK"},"content":{"rendered":"<p>Le <strong>casque jet Handmade Silk<\/strong> est enti\u00e8rement peint \u00e0 la main avec une peinture sp\u00e9ciale qui lui conf\u00e8re un effet \u00ab vieilli \u00bb. R\u00e9alis\u00e9 sur une base jaune mate, il se distingue par l\u2019application d\u2019une feuille d\u2019or formant une bande centrale traversant la calotte, cr\u00e9ant un contraste marqu\u00e9 et imm\u00e9diatement reconnaissable. D\u2019un go\u00fbt extr\u00eamement raffin\u00e9 et \u00e9l\u00e9gant, le <strong>casque jet Handmade Silk<\/strong> s\u2019accorde parfaitement avec tout type de moto.<br \/>\nFinition mate.<\/p>\n","protected":false},"excerpt":{"rendered":"<p>Le casque jet Handmade Silk est enti\u00e8rement peint \u00e0 la main avec une peinture sp\u00e9ciale qui lui conf\u00e8re un effet \u00ab vieilli \u00bb. R\u00e9alis\u00e9 sur une base jaune mate, il se distingue par l\u2019application d\u2019une feuille d\u2019or formant une bande centrale traversant la calotte, cr\u00e9ant un contraste marqu\u00e9 et imm\u00e9diatement reconnaissable. D\u2019un go\u00fbt extr\u00eamement raffin\u00e9 [&hellip;]<\/p>\n","protected":false},"featured_media":53940,"comment_status":"closed","ping_status":"closed","template":"","meta":{"_acf_changed":false},"product_brand":[],"product_cat":[106],"product_tag":[],"giftcard-category":[],"class_list":{"0":"post-53907","1":"product","2":"type-product","3":"status-publish","4":"has-post-thumbnail","6":"product_cat-casques-handmade","8":"first","9":"instock","10":"taxable","11":"shipping-taxable","12":"purchasable","13":"product-type-variable"},"acf":[],"jetpack_sharing_enabled":true,"_links":{"self":[{"href":"https:\/\/dmd.eu\/fr\/wp-json\/wp\/v2\/product\/53907","targetHints":{"allow":["GET"]}}],"collection":[{"href":"https:\/\/dmd.eu\/fr\/wp-json\/wp\/v2\/product"}],"about":[{"href":"https:\/\/dmd.eu\/fr\/wp-json\/wp\/v2\/types\/product"}],"replies":[{"embeddable":true,"href":"https:\/\/dmd.eu\/fr\/wp-json\/wp\/v2\/comments?post=53907"}],"wp:featuredmedia":[{"embeddable":true,"href":"https:\/\/dmd.eu\/fr\/wp-json\/wp\/v2\/media\/53940"}],"wp:attachment":[{"href":"https:\/\/dmd.eu\/fr\/wp-json\/wp\/v2\/media?parent=53907"}],"wp:term":[{"taxonomy":"product_brand","embeddable":true,"href":"https:\/\/dmd.eu\/fr\/wp-json\/wp\/v2\/product_brand?post=53907"},{"taxonomy":"product_cat","embeddable":true,"href":"https:\/\/dmd.eu\/fr\/wp-json\/wp\/v2\/product_cat?post=53907"},{"taxonomy":"product_tag","embeddable":true,"href":"https:\/\/dmd.eu\/fr\/wp-json\/wp\/v2\/product_tag?post=53907"},{"taxonomy":"giftcard-category","embeddable":true,"href":"https:\/\/dmd.eu\/fr\/wp-json\/wp\/v2\/giftcard-category?post=53907"}],"curies":[{"name":"wp","href":"https:\/\/api.w.org\/{rel}","templated":true}]}}