{"id":53828,"date":"2026-01-14T10:11:50","date_gmt":"2026-01-14T09:11:50","guid":{"rendered":"https:\/\/dmd.eu\/?post_type=product&#038;p=53828"},"modified":"2026-02-23T11:07:44","modified_gmt":"2026-02-23T10:07:44","slug":"league","status":"publish","type":"product","link":"https:\/\/dmd.eu\/fr\/prodotto\/casques-handmade\/league\/","title":{"rendered":"LEAGUE"},"content":{"rendered":"<p>Le <strong>casque jet Handmade League<\/strong> se distingue par un style inspir\u00e9 du monde racing. Il est enti\u00e8rement peint \u00e0 la main avec une peinture sp\u00e9ciale qui lui conf\u00e8re un effet \u00ab vieilli \u00bb. R\u00e9alis\u00e9 sur une base bleue mate, ce mod\u00e8le se caract\u00e9rise par une bande centrale jaune traversant la calotte, cr\u00e9ant un contraste marqu\u00e9 et imm\u00e9diatement reconnaissable. Le <strong>casque jet Handmade League<\/strong> garantit confort, l\u00e9g\u00e8ret\u00e9 et compacit\u00e9, qualit\u00e9s typiques d\u2019un casque jet DMD, id\u00e9al pour un usage quotidien sans renoncer au style et \u00e0 la personnalit\u00e9.<br \/>\nLa peinture pr\u00e9sente une finition mate.<\/p>\n","protected":false},"excerpt":{"rendered":"<p>Le casque jet Handmade League se distingue par un style inspir\u00e9 du monde racing. Il est enti\u00e8rement peint \u00e0 la main avec une peinture sp\u00e9ciale qui lui conf\u00e8re un effet \u00ab vieilli \u00bb. R\u00e9alis\u00e9 sur une base bleue mate, ce mod\u00e8le se caract\u00e9rise par une bande centrale jaune traversant la calotte, cr\u00e9ant un contraste marqu\u00e9 [&hellip;]<\/p>\n","protected":false},"featured_media":53861,"comment_status":"closed","ping_status":"closed","template":"","meta":{"_acf_changed":false},"product_brand":[],"product_cat":[106],"product_tag":[],"giftcard-category":[],"class_list":{"0":"post-53828","1":"product","2":"type-product","3":"status-publish","4":"has-post-thumbnail","6":"product_cat-casques-handmade","8":"first","9":"instock","10":"taxable","11":"shipping-taxable","12":"purchasable","13":"product-type-variable"},"acf":[],"jetpack_sharing_enabled":true,"_links":{"self":[{"href":"https:\/\/dmd.eu\/fr\/wp-json\/wp\/v2\/product\/53828","targetHints":{"allow":["GET"]}}],"collection":[{"href":"https:\/\/dmd.eu\/fr\/wp-json\/wp\/v2\/product"}],"about":[{"href":"https:\/\/dmd.eu\/fr\/wp-json\/wp\/v2\/types\/product"}],"replies":[{"embeddable":true,"href":"https:\/\/dmd.eu\/fr\/wp-json\/wp\/v2\/comments?post=53828"}],"wp:featuredmedia":[{"embeddable":true,"href":"https:\/\/dmd.eu\/fr\/wp-json\/wp\/v2\/media\/53861"}],"wp:attachment":[{"href":"https:\/\/dmd.eu\/fr\/wp-json\/wp\/v2\/media?parent=53828"}],"wp:term":[{"taxonomy":"product_brand","embeddable":true,"href":"https:\/\/dmd.eu\/fr\/wp-json\/wp\/v2\/product_brand?post=53828"},{"taxonomy":"product_cat","embeddable":true,"href":"https:\/\/dmd.eu\/fr\/wp-json\/wp\/v2\/product_cat?post=53828"},{"taxonomy":"product_tag","embeddable":true,"href":"https:\/\/dmd.eu\/fr\/wp-json\/wp\/v2\/product_tag?post=53828"},{"taxonomy":"giftcard-category","embeddable":true,"href":"https:\/\/dmd.eu\/fr\/wp-json\/wp\/v2\/giftcard-category?post=53828"}],"curies":[{"name":"wp","href":"https:\/\/api.w.org\/{rel}","templated":true}]}}