{"id":53748,"date":"2026-01-14T09:54:27","date_gmt":"2026-01-14T08:54:27","guid":{"rendered":"https:\/\/dmd.eu\/?post_type=product&#038;p=53748"},"modified":"2026-02-23T10:20:10","modified_gmt":"2026-02-23T09:20:10","slug":"glam","status":"publish","type":"product","link":"https:\/\/dmd.eu\/fr\/prodotto\/casques-handmade\/glam\/","title":{"rendered":"GLAM"},"content":{"rendered":"<p>Le <strong>casque jet Handmade Glam<\/strong> est enti\u00e8rement peint \u00e0 la main avec une peinture sp\u00e9ciale qui lui conf\u00e8re un effet \u00ab vieilli \u00bb. R\u00e9alis\u00e9 sur une base cr\u00e8me mate, il se distingue par l\u2019ajout d\u2019un \u00e9clair argent\u00e9 sur le c\u00f4t\u00e9 droit de la calotte. Il garantit confort, l\u00e9g\u00e8ret\u00e9 et compacit\u00e9, qualit\u00e9s typiques d\u2019un casque jet DMD.<br \/>\nFinition mate.<\/p>\n","protected":false},"excerpt":{"rendered":"<p>Le casque jet Handmade Glam est enti\u00e8rement peint \u00e0 la main avec une peinture sp\u00e9ciale qui lui conf\u00e8re un effet \u00ab vieilli \u00bb. R\u00e9alis\u00e9 sur une base cr\u00e8me mate, il se distingue par l\u2019ajout d\u2019un \u00e9clair argent\u00e9 sur le c\u00f4t\u00e9 droit de la calotte. Il garantit confort, l\u00e9g\u00e8ret\u00e9 et compacit\u00e9, qualit\u00e9s typiques d\u2019un casque jet [&hellip;]<\/p>\n","protected":false},"featured_media":53786,"comment_status":"closed","ping_status":"closed","template":"","meta":{"_acf_changed":false},"product_brand":[],"product_cat":[106],"product_tag":[],"giftcard-category":[],"class_list":{"0":"post-53748","1":"product","2":"type-product","3":"status-publish","4":"has-post-thumbnail","6":"product_cat-casques-handmade","8":"first","9":"instock","10":"taxable","11":"shipping-taxable","12":"purchasable","13":"product-type-variable"},"acf":[],"jetpack_sharing_enabled":true,"_links":{"self":[{"href":"https:\/\/dmd.eu\/fr\/wp-json\/wp\/v2\/product\/53748","targetHints":{"allow":["GET"]}}],"collection":[{"href":"https:\/\/dmd.eu\/fr\/wp-json\/wp\/v2\/product"}],"about":[{"href":"https:\/\/dmd.eu\/fr\/wp-json\/wp\/v2\/types\/product"}],"replies":[{"embeddable":true,"href":"https:\/\/dmd.eu\/fr\/wp-json\/wp\/v2\/comments?post=53748"}],"wp:featuredmedia":[{"embeddable":true,"href":"https:\/\/dmd.eu\/fr\/wp-json\/wp\/v2\/media\/53786"}],"wp:attachment":[{"href":"https:\/\/dmd.eu\/fr\/wp-json\/wp\/v2\/media?parent=53748"}],"wp:term":[{"taxonomy":"product_brand","embeddable":true,"href":"https:\/\/dmd.eu\/fr\/wp-json\/wp\/v2\/product_brand?post=53748"},{"taxonomy":"product_cat","embeddable":true,"href":"https:\/\/dmd.eu\/fr\/wp-json\/wp\/v2\/product_cat?post=53748"},{"taxonomy":"product_tag","embeddable":true,"href":"https:\/\/dmd.eu\/fr\/wp-json\/wp\/v2\/product_tag?post=53748"},{"taxonomy":"giftcard-category","embeddable":true,"href":"https:\/\/dmd.eu\/fr\/wp-json\/wp\/v2\/giftcard-category?post=53748"}],"curies":[{"name":"wp","href":"https:\/\/api.w.org\/{rel}","templated":true}]}}