{"id":53362,"date":"2026-01-07T17:17:42","date_gmt":"2026-01-07T16:17:42","guid":{"rendered":"https:\/\/dmd.eu\/?post_type=product&#038;p=53362"},"modified":"2026-01-12T15:24:50","modified_gmt":"2026-01-12T14:24:50","slug":"p1-cream","status":"publish","type":"product","link":"https:\/\/dmd.eu\/fr\/prodotto\/casques-jet\/casques-p1\/p1-cream\/","title":{"rendered":"P1 CREAM"},"content":{"rendered":"<p>Le <strong>casque P1 Cream<\/strong> est un mod\u00e8le <strong>demi-jet<\/strong> avec une coque compacte et une peinture brillante. Sa couleur cr\u00e8me unie le rend distinctif et facile \u00e0 assortir.<br \/>\nCon\u00e7u pour ceux qui recherchent un casque confortable et s\u00fbr, adapt\u00e9 \u00e0 un usage urbain. Homologu\u00e9 selon la norme europ\u00e9enne ECE 22.06.<\/p>\n","protected":false},"excerpt":{"rendered":"<p>Le casque P1 Cream est un mod\u00e8le demi-jet avec une coque compacte et une peinture brillante. Sa couleur cr\u00e8me unie le rend distinctif et facile \u00e0 assortir. Con\u00e7u pour ceux qui recherchent un casque confortable et s\u00fbr, adapt\u00e9 \u00e0 un usage urbain. Homologu\u00e9 selon la norme europ\u00e9enne ECE 22.06.<\/p>\n","protected":false},"featured_media":53385,"comment_status":"closed","ping_status":"closed","template":"","meta":{"_acf_changed":false},"product_brand":[],"product_cat":[120,124],"product_tag":[],"giftcard-category":[],"class_list":{"0":"post-53362","1":"product","2":"type-product","3":"status-publish","4":"has-post-thumbnail","6":"product_cat-casques-jet","7":"product_cat-casques-p1","9":"first","10":"instock","11":"taxable","12":"shipping-taxable","13":"purchasable","14":"product-type-variable"},"acf":[],"jetpack_sharing_enabled":true,"_links":{"self":[{"href":"https:\/\/dmd.eu\/fr\/wp-json\/wp\/v2\/product\/53362","targetHints":{"allow":["GET"]}}],"collection":[{"href":"https:\/\/dmd.eu\/fr\/wp-json\/wp\/v2\/product"}],"about":[{"href":"https:\/\/dmd.eu\/fr\/wp-json\/wp\/v2\/types\/product"}],"replies":[{"embeddable":true,"href":"https:\/\/dmd.eu\/fr\/wp-json\/wp\/v2\/comments?post=53362"}],"wp:featuredmedia":[{"embeddable":true,"href":"https:\/\/dmd.eu\/fr\/wp-json\/wp\/v2\/media\/53385"}],"wp:attachment":[{"href":"https:\/\/dmd.eu\/fr\/wp-json\/wp\/v2\/media?parent=53362"}],"wp:term":[{"taxonomy":"product_brand","embeddable":true,"href":"https:\/\/dmd.eu\/fr\/wp-json\/wp\/v2\/product_brand?post=53362"},{"taxonomy":"product_cat","embeddable":true,"href":"https:\/\/dmd.eu\/fr\/wp-json\/wp\/v2\/product_cat?post=53362"},{"taxonomy":"product_tag","embeddable":true,"href":"https:\/\/dmd.eu\/fr\/wp-json\/wp\/v2\/product_tag?post=53362"},{"taxonomy":"giftcard-category","embeddable":true,"href":"https:\/\/dmd.eu\/fr\/wp-json\/wp\/v2\/giftcard-category?post=53362"}],"curies":[{"name":"wp","href":"https:\/\/api.w.org\/{rel}","templated":true}]}}