{"id":53013,"date":"2026-01-07T15:34:31","date_gmt":"2026-01-07T14:34:31","guid":{"rendered":"https:\/\/dmd.eu\/?post_type=product&#038;p=53013"},"modified":"2026-04-17T16:11:46","modified_gmt":"2026-04-17T14:11:46","slug":"rivale-red-eye","status":"publish","type":"product","link":"https:\/\/dmd.eu\/fr\/prodotto\/casques-integraux\/casques-rivale-06\/rivale-red-eye\/","title":{"rendered":"RIVALE RED EYE"},"content":{"rendered":"<p>Le <strong>casque int\u00e9graux Rivale Red Eye<\/strong> est con\u00e7u pour ceux qui recherchent un style agressif et souhaitent se distinguer \u00e0 moto. Avec son design compact et sportif, ce mod\u00e8le se distingue par son graphisme rouge intense qui explose sur la base noire brillante, cr\u00e9ant un contraste fort et dynamique. Con\u00e7u pour offrir confort et protection, il garantit un ajustement enveloppant id\u00e9al m\u00eame lors d\u2019utilisations prolong\u00e9es.<br \/>\nR\u00e9alis\u00e9 avec une peinture brillante.<br \/>\nFabriqu\u00e9 en Italie, avec passion.<\/p>\n<p>&nbsp;<\/p>\n","protected":false},"excerpt":{"rendered":"<p>Le casque int\u00e9graux Rivale Red Eye est con\u00e7u pour ceux qui recherchent un style agressif et souhaitent se distinguer \u00e0 moto. Avec son design compact et sportif, ce mod\u00e8le se distingue par son graphisme rouge intense qui explose sur la base noire brillante, cr\u00e9ant un contraste fort et dynamique. Con\u00e7u pour offrir confort et protection, [&hellip;]<\/p>\n","protected":false},"featured_media":55577,"comment_status":"closed","ping_status":"closed","template":"","meta":{"_acf_changed":false},"product_brand":[],"product_cat":[129,1288,4780],"product_tag":[],"giftcard-category":[],"class_list":{"0":"post-53013","1":"product","2":"type-product","3":"status-publish","4":"has-post-thumbnail","6":"product_cat-casques-integraux","7":"product_cat-casques-rivale-06","8":"product_cat-precommande-vip","10":"first","11":"instock","12":"taxable","13":"shipping-taxable","14":"purchasable","15":"product-type-variable"},"acf":[],"jetpack_sharing_enabled":true,"_links":{"self":[{"href":"https:\/\/dmd.eu\/fr\/wp-json\/wp\/v2\/product\/53013","targetHints":{"allow":["GET"]}}],"collection":[{"href":"https:\/\/dmd.eu\/fr\/wp-json\/wp\/v2\/product"}],"about":[{"href":"https:\/\/dmd.eu\/fr\/wp-json\/wp\/v2\/types\/product"}],"replies":[{"embeddable":true,"href":"https:\/\/dmd.eu\/fr\/wp-json\/wp\/v2\/comments?post=53013"}],"wp:featuredmedia":[{"embeddable":true,"href":"https:\/\/dmd.eu\/fr\/wp-json\/wp\/v2\/media\/55577"}],"wp:attachment":[{"href":"https:\/\/dmd.eu\/fr\/wp-json\/wp\/v2\/media?parent=53013"}],"wp:term":[{"taxonomy":"product_brand","embeddable":true,"href":"https:\/\/dmd.eu\/fr\/wp-json\/wp\/v2\/product_brand?post=53013"},{"taxonomy":"product_cat","embeddable":true,"href":"https:\/\/dmd.eu\/fr\/wp-json\/wp\/v2\/product_cat?post=53013"},{"taxonomy":"product_tag","embeddable":true,"href":"https:\/\/dmd.eu\/fr\/wp-json\/wp\/v2\/product_tag?post=53013"},{"taxonomy":"giftcard-category","embeddable":true,"href":"https:\/\/dmd.eu\/fr\/wp-json\/wp\/v2\/giftcard-category?post=53013"}],"curies":[{"name":"wp","href":"https:\/\/api.w.org\/{rel}","templated":true}]}}