{"id":52939,"date":"2026-01-07T15:01:03","date_gmt":"2026-01-07T14:01:03","guid":{"rendered":"https:\/\/dmd.eu\/?post_type=product&#038;p=52939"},"modified":"2026-04-17T16:11:58","modified_gmt":"2026-04-17T14:11:58","slug":"rivale-panther","status":"publish","type":"product","link":"https:\/\/dmd.eu\/fr\/prodotto\/casques-integraux\/casques-rivale-06\/rivale-panther\/","title":{"rendered":"RIVALE PANTHER"},"content":{"rendered":"<p>Le <strong>casque int\u00e9graux Rivale Panther<\/strong> pr\u00e9sente un graphisme affirm\u00e9 \u00e0 l\u2019esprit custom.<br \/>\nLa base noire brillante sert de fond \u00e0 une illustration blanche \u00e0 fort contraste, avec des d\u00e9tails floraux et des lignes inspir\u00e9es de l\u2019univers du tatouage, pour un look audacieux et inimitable. Le graphisme se d\u00e9veloppe le long de la calotte et se compl\u00e8te par des \u00e9l\u00e9ments dynamiques dans la partie inf\u00e9rieure, soulignant le profil sportif du casque. Con\u00e7u pour offrir protection et confort, Panther associe style et fonctionnalit\u00e9 dans un casque int\u00e9gral id\u00e9al pour ceux qui veulent se distinguer sans renoncer \u00e0 la s\u00e9curit\u00e9.<br \/>\nR\u00e9alis\u00e9 avec une peinture brillante.<br \/>\nFabriqu\u00e9 en Italie, avec passion.<\/p>\n<p>&nbsp;<\/p>\n","protected":false},"excerpt":{"rendered":"<p>Le casque int\u00e9graux Rivale Panther pr\u00e9sente un graphisme affirm\u00e9 \u00e0 l\u2019esprit custom. La base noire brillante sert de fond \u00e0 une illustration blanche \u00e0 fort contraste, avec des d\u00e9tails floraux et des lignes inspir\u00e9es de l\u2019univers du tatouage, pour un look audacieux et inimitable. Le graphisme se d\u00e9veloppe le long de la calotte et se [&hellip;]<\/p>\n","protected":false},"featured_media":55582,"comment_status":"closed","ping_status":"closed","template":"","meta":{"_acf_changed":false},"product_brand":[],"product_cat":[129,1288,4780],"product_tag":[],"giftcard-category":[],"class_list":{"0":"post-52939","1":"product","2":"type-product","3":"status-publish","4":"has-post-thumbnail","6":"product_cat-casques-integraux","7":"product_cat-casques-rivale-06","8":"product_cat-precommande-vip","10":"first","11":"instock","12":"taxable","13":"shipping-taxable","14":"purchasable","15":"product-type-variable"},"acf":[],"jetpack_sharing_enabled":true,"_links":{"self":[{"href":"https:\/\/dmd.eu\/fr\/wp-json\/wp\/v2\/product\/52939","targetHints":{"allow":["GET"]}}],"collection":[{"href":"https:\/\/dmd.eu\/fr\/wp-json\/wp\/v2\/product"}],"about":[{"href":"https:\/\/dmd.eu\/fr\/wp-json\/wp\/v2\/types\/product"}],"replies":[{"embeddable":true,"href":"https:\/\/dmd.eu\/fr\/wp-json\/wp\/v2\/comments?post=52939"}],"wp:featuredmedia":[{"embeddable":true,"href":"https:\/\/dmd.eu\/fr\/wp-json\/wp\/v2\/media\/55582"}],"wp:attachment":[{"href":"https:\/\/dmd.eu\/fr\/wp-json\/wp\/v2\/media?parent=52939"}],"wp:term":[{"taxonomy":"product_brand","embeddable":true,"href":"https:\/\/dmd.eu\/fr\/wp-json\/wp\/v2\/product_brand?post=52939"},{"taxonomy":"product_cat","embeddable":true,"href":"https:\/\/dmd.eu\/fr\/wp-json\/wp\/v2\/product_cat?post=52939"},{"taxonomy":"product_tag","embeddable":true,"href":"https:\/\/dmd.eu\/fr\/wp-json\/wp\/v2\/product_tag?post=52939"},{"taxonomy":"giftcard-category","embeddable":true,"href":"https:\/\/dmd.eu\/fr\/wp-json\/wp\/v2\/giftcard-category?post=52939"}],"curies":[{"name":"wp","href":"https:\/\/api.w.org\/{rel}","templated":true}]}}