{"id":52524,"date":"2026-01-07T11:32:06","date_gmt":"2026-01-07T10:32:06","guid":{"rendered":"https:\/\/dmd.eu\/?post_type=product&#038;p=52524"},"modified":"2026-04-23T15:59:32","modified_gmt":"2026-04-23T13:59:32","slug":"amori","status":"publish","type":"product","link":"https:\/\/dmd.eu\/fr\/prodotto\/casques-jet\/casques-retro\/amori\/","title":{"rendered":"AMORI"},"content":{"rendered":"<p>Le <strong>casque jet Retro Amori<\/strong> fait partie de la collection de casques jet ouverts DMD. R\u00e9alis\u00e9 sur une base cr\u00e8me, ce mod\u00e8le est sublim\u00e9 par un graphisme exclusif portant l\u2019inscription \u00ab Memento Amoris \u00bb.<br \/>\nLe casque Amori est le choix id\u00e9al pour les motards amateurs de graphismes, mais aussi pour les utilisateurs de scooter \u00e0 la recherche d\u2019un casque confortable, compact, s\u00fbr et original.<br \/>\nLa peinture pr\u00e9sente une finition brillante.<\/p>\n<p>&nbsp;<\/p>\n","protected":false},"excerpt":{"rendered":"<p>Le casque jet Retro Amori fait partie de la collection de casques jet ouverts DMD. R\u00e9alis\u00e9 sur une base cr\u00e8me, ce mod\u00e8le est sublim\u00e9 par un graphisme exclusif portant l\u2019inscription \u00ab Memento Amoris \u00bb. Le casque Amori est le choix id\u00e9al pour les motards amateurs de graphismes, mais aussi pour les utilisateurs de scooter \u00e0 [&hellip;]<\/p>\n","protected":false},"featured_media":52564,"comment_status":"closed","ping_status":"closed","template":"","meta":{"_acf_changed":false},"product_brand":[],"product_cat":[120,456],"product_tag":[],"giftcard-category":[],"class_list":{"0":"post-52524","1":"product","2":"type-product","3":"status-publish","4":"has-post-thumbnail","6":"product_cat-casques-jet","7":"product_cat-casques-retro","9":"first","10":"instock","11":"taxable","12":"shipping-taxable","13":"purchasable","14":"product-type-variable"},"acf":[],"jetpack_sharing_enabled":true,"_links":{"self":[{"href":"https:\/\/dmd.eu\/fr\/wp-json\/wp\/v2\/product\/52524","targetHints":{"allow":["GET"]}}],"collection":[{"href":"https:\/\/dmd.eu\/fr\/wp-json\/wp\/v2\/product"}],"about":[{"href":"https:\/\/dmd.eu\/fr\/wp-json\/wp\/v2\/types\/product"}],"replies":[{"embeddable":true,"href":"https:\/\/dmd.eu\/fr\/wp-json\/wp\/v2\/comments?post=52524"}],"wp:featuredmedia":[{"embeddable":true,"href":"https:\/\/dmd.eu\/fr\/wp-json\/wp\/v2\/media\/52564"}],"wp:attachment":[{"href":"https:\/\/dmd.eu\/fr\/wp-json\/wp\/v2\/media?parent=52524"}],"wp:term":[{"taxonomy":"product_brand","embeddable":true,"href":"https:\/\/dmd.eu\/fr\/wp-json\/wp\/v2\/product_brand?post=52524"},{"taxonomy":"product_cat","embeddable":true,"href":"https:\/\/dmd.eu\/fr\/wp-json\/wp\/v2\/product_cat?post=52524"},{"taxonomy":"product_tag","embeddable":true,"href":"https:\/\/dmd.eu\/fr\/wp-json\/wp\/v2\/product_tag?post=52524"},{"taxonomy":"giftcard-category","embeddable":true,"href":"https:\/\/dmd.eu\/fr\/wp-json\/wp\/v2\/giftcard-category?post=52524"}],"curies":[{"name":"wp","href":"https:\/\/api.w.org\/{rel}","templated":true}]}}