{"id":52438,"date":"2026-01-07T11:06:32","date_gmt":"2026-01-07T10:06:32","guid":{"rendered":"https:\/\/dmd.eu\/?post_type=product&#038;p=52438"},"modified":"2026-02-09T16:28:27","modified_gmt":"2026-02-09T15:28:27","slug":"triple","status":"publish","type":"product","link":"https:\/\/dmd.eu\/fr\/prodotto\/casques-jet\/casques-retro\/triple\/","title":{"rendered":"TRIPLE"},"content":{"rendered":"<p>Le <strong>casque jet Retro Triple<\/strong> affiche un style r\u00e9tro avec un graphisme simple mais percutant. La couleur cr\u00e8me brillante est rehauss\u00e9e de deux lignes \u00e9pur\u00e9es. Le chaussant est confortable et r\u00e9pond \u00e0 toutes les exigences de s\u00e9curit\u00e9 modernes.<br \/>\nId\u00e9al pour ceux qui aiment les lignes simples et un design essentiel.<br \/>\nLa peinture pr\u00e9sente une finition brillante.<\/p>\n","protected":false},"excerpt":{"rendered":"<p>Le casque jet Retro Triple affiche un style r\u00e9tro avec un graphisme simple mais percutant. La couleur cr\u00e8me brillante est rehauss\u00e9e de deux lignes \u00e9pur\u00e9es. Le chaussant est confortable et r\u00e9pond \u00e0 toutes les exigences de s\u00e9curit\u00e9 modernes. Id\u00e9al pour ceux qui aiment les lignes simples et un design essentiel. La peinture pr\u00e9sente une finition [&hellip;]<\/p>\n","protected":false},"featured_media":52490,"comment_status":"closed","ping_status":"closed","template":"","meta":{"_acf_changed":false},"product_brand":[],"product_cat":[120,456],"product_tag":[],"giftcard-category":[],"class_list":{"0":"post-52438","1":"product","2":"type-product","3":"status-publish","4":"has-post-thumbnail","6":"product_cat-casques-jet","7":"product_cat-casques-retro","9":"first","10":"instock","11":"taxable","12":"shipping-taxable","13":"purchasable","14":"product-type-variable"},"acf":[],"jetpack_sharing_enabled":true,"_links":{"self":[{"href":"https:\/\/dmd.eu\/fr\/wp-json\/wp\/v2\/product\/52438","targetHints":{"allow":["GET"]}}],"collection":[{"href":"https:\/\/dmd.eu\/fr\/wp-json\/wp\/v2\/product"}],"about":[{"href":"https:\/\/dmd.eu\/fr\/wp-json\/wp\/v2\/types\/product"}],"replies":[{"embeddable":true,"href":"https:\/\/dmd.eu\/fr\/wp-json\/wp\/v2\/comments?post=52438"}],"wp:featuredmedia":[{"embeddable":true,"href":"https:\/\/dmd.eu\/fr\/wp-json\/wp\/v2\/media\/52490"}],"wp:attachment":[{"href":"https:\/\/dmd.eu\/fr\/wp-json\/wp\/v2\/media?parent=52438"}],"wp:term":[{"taxonomy":"product_brand","embeddable":true,"href":"https:\/\/dmd.eu\/fr\/wp-json\/wp\/v2\/product_brand?post=52438"},{"taxonomy":"product_cat","embeddable":true,"href":"https:\/\/dmd.eu\/fr\/wp-json\/wp\/v2\/product_cat?post=52438"},{"taxonomy":"product_tag","embeddable":true,"href":"https:\/\/dmd.eu\/fr\/wp-json\/wp\/v2\/product_tag?post=52438"},{"taxonomy":"giftcard-category","embeddable":true,"href":"https:\/\/dmd.eu\/fr\/wp-json\/wp\/v2\/giftcard-category?post=52438"}],"curies":[{"name":"wp","href":"https:\/\/api.w.org\/{rel}","templated":true}]}}