{"id":52284,"date":"2026-01-07T10:28:01","date_gmt":"2026-01-07T09:28:01","guid":{"rendered":"https:\/\/dmd.eu\/?post_type=product&#038;p=52284"},"modified":"2026-04-23T15:59:18","modified_gmt":"2026-04-23T13:59:18","slug":"stars","status":"publish","type":"product","link":"https:\/\/dmd.eu\/fr\/prodotto\/casques-jet\/casques-retro\/stars\/","title":{"rendered":"STARS"},"content":{"rendered":"<p>Le <strong>casque jet Retro Stars<\/strong> associe une esth\u00e9tique r\u00e9tro \u00e0 un graphisme iconique et imm\u00e9diat. La base noire mate est enrichie d\u2019\u00e9toiles dor\u00e9es r\u00e9parties sur la coque, pour un contraste affirm\u00e9 mais \u00e9l\u00e9gant.<br \/>\nParfait pour ceux qui veulent un casque essentiel, avec une forte personnalit\u00e9 et un d\u00e9tail graphique de grand impact.<br \/>\nLa peinture pr\u00e9sente une finition mate.<\/p>\n<p>&nbsp;<\/p>\n","protected":false},"excerpt":{"rendered":"<p>Le casque jet Retro Stars associe une esth\u00e9tique r\u00e9tro \u00e0 un graphisme iconique et imm\u00e9diat. La base noire mate est enrichie d\u2019\u00e9toiles dor\u00e9es r\u00e9parties sur la coque, pour un contraste affirm\u00e9 mais \u00e9l\u00e9gant. Parfait pour ceux qui veulent un casque essentiel, avec une forte personnalit\u00e9 et un d\u00e9tail graphique de grand impact. La peinture pr\u00e9sente [&hellip;]<\/p>\n","protected":false},"featured_media":55928,"comment_status":"closed","ping_status":"closed","template":"","meta":{"_acf_changed":false},"product_brand":[],"product_cat":[120,456],"product_tag":[],"giftcard-category":[],"class_list":{"0":"post-52284","1":"product","2":"type-product","3":"status-publish","4":"has-post-thumbnail","6":"product_cat-casques-jet","7":"product_cat-casques-retro","9":"first","10":"instock","11":"taxable","12":"shipping-taxable","13":"purchasable","14":"product-type-variable"},"acf":[],"jetpack_sharing_enabled":true,"_links":{"self":[{"href":"https:\/\/dmd.eu\/fr\/wp-json\/wp\/v2\/product\/52284","targetHints":{"allow":["GET"]}}],"collection":[{"href":"https:\/\/dmd.eu\/fr\/wp-json\/wp\/v2\/product"}],"about":[{"href":"https:\/\/dmd.eu\/fr\/wp-json\/wp\/v2\/types\/product"}],"replies":[{"embeddable":true,"href":"https:\/\/dmd.eu\/fr\/wp-json\/wp\/v2\/comments?post=52284"}],"wp:featuredmedia":[{"embeddable":true,"href":"https:\/\/dmd.eu\/fr\/wp-json\/wp\/v2\/media\/55928"}],"wp:attachment":[{"href":"https:\/\/dmd.eu\/fr\/wp-json\/wp\/v2\/media?parent=52284"}],"wp:term":[{"taxonomy":"product_brand","embeddable":true,"href":"https:\/\/dmd.eu\/fr\/wp-json\/wp\/v2\/product_brand?post=52284"},{"taxonomy":"product_cat","embeddable":true,"href":"https:\/\/dmd.eu\/fr\/wp-json\/wp\/v2\/product_cat?post=52284"},{"taxonomy":"product_tag","embeddable":true,"href":"https:\/\/dmd.eu\/fr\/wp-json\/wp\/v2\/product_tag?post=52284"},{"taxonomy":"giftcard-category","embeddable":true,"href":"https:\/\/dmd.eu\/fr\/wp-json\/wp\/v2\/giftcard-category?post=52284"}],"curies":[{"name":"wp","href":"https:\/\/api.w.org\/{rel}","templated":true}]}}