{"id":51134,"date":"2025-11-20T10:32:24","date_gmt":"2025-11-20T09:32:24","guid":{"rendered":"https:\/\/dmd.eu\/?post_type=product&#038;p=51134"},"modified":"2025-12-02T00:13:15","modified_gmt":"2025-12-01T23:13:15","slug":"rocket-matt-black","status":"publish","type":"product","link":"https:\/\/dmd.eu\/fr\/prodotto\/ventes\/casques-sale\/rocket-matt-black\/","title":{"rendered":"ROCKET MATT BLACK"},"content":{"rendered":"<p>Le <strong>casque int\u00e9graux Rocket Matt Black<\/strong> s&rsquo;inspire d&rsquo;un mod\u00e8le embl\u00e9matique des ann\u00e9es 1970. Il est tr\u00e8s l\u00e9ger, avec un design vintage, offrant un maximum de s\u00e9curit\u00e9 et de confort, qui, gr\u00e2ce \u00e0 sa couleur neutre noir mat, s&rsquo;adapte \u00e0 tous les types de motos.<br \/>\nParfait pour les motocyclistes qui aiment le style vintage et qui recherchent un produit s\u00fbr, confortable et esth\u00e9tique, qu&rsquo;ils conduisent une moto Custom, Vintage ou Caf\u00e9 Racer.<\/p>\n<p>*Mod\u00e8le homologu\u00e9 ECE 22.05, conforme \u00e0 la r\u00e9glementation routi\u00e8re, vous permettant de continuer \u00e0 l&rsquo;utiliser en toute s\u00e9curit\u00e9 et sans pr\u00e9occupations.<\/p>\n","protected":false},"excerpt":{"rendered":"<p>Le casque int\u00e9graux Rocket Matt Black s&rsquo;inspire d&rsquo;un mod\u00e8le embl\u00e9matique des ann\u00e9es 1970. Il est tr\u00e8s l\u00e9ger, avec un design vintage, offrant un maximum de s\u00e9curit\u00e9 et de confort, qui, gr\u00e2ce \u00e0 sa couleur neutre noir mat, s&rsquo;adapte \u00e0 tous les types de motos. Parfait pour les motocyclistes qui aiment le style vintage et qui [&hellip;]<\/p>\n","protected":false},"featured_media":51191,"comment_status":"closed","ping_status":"closed","template":"","meta":{"_acf_changed":false},"product_brand":[],"product_cat":[421,408],"product_tag":[],"giftcard-category":[],"class_list":{"0":"post-51134","1":"product","2":"type-product","3":"status-publish","4":"has-post-thumbnail","6":"product_cat-casques-sale","7":"product_cat-ventes","9":"first","10":"instock","11":"sale","12":"taxable","13":"shipping-taxable","14":"purchasable","15":"product-type-variable"},"acf":[],"jetpack_sharing_enabled":true,"_links":{"self":[{"href":"https:\/\/dmd.eu\/fr\/wp-json\/wp\/v2\/product\/51134","targetHints":{"allow":["GET"]}}],"collection":[{"href":"https:\/\/dmd.eu\/fr\/wp-json\/wp\/v2\/product"}],"about":[{"href":"https:\/\/dmd.eu\/fr\/wp-json\/wp\/v2\/types\/product"}],"replies":[{"embeddable":true,"href":"https:\/\/dmd.eu\/fr\/wp-json\/wp\/v2\/comments?post=51134"}],"wp:featuredmedia":[{"embeddable":true,"href":"https:\/\/dmd.eu\/fr\/wp-json\/wp\/v2\/media\/51191"}],"wp:attachment":[{"href":"https:\/\/dmd.eu\/fr\/wp-json\/wp\/v2\/media?parent=51134"}],"wp:term":[{"taxonomy":"product_brand","embeddable":true,"href":"https:\/\/dmd.eu\/fr\/wp-json\/wp\/v2\/product_brand?post=51134"},{"taxonomy":"product_cat","embeddable":true,"href":"https:\/\/dmd.eu\/fr\/wp-json\/wp\/v2\/product_cat?post=51134"},{"taxonomy":"product_tag","embeddable":true,"href":"https:\/\/dmd.eu\/fr\/wp-json\/wp\/v2\/product_tag?post=51134"},{"taxonomy":"giftcard-category","embeddable":true,"href":"https:\/\/dmd.eu\/fr\/wp-json\/wp\/v2\/giftcard-category?post=51134"}],"curies":[{"name":"wp","href":"https:\/\/api.w.org\/{rel}","templated":true}]}}