{"id":51055,"date":"2025-11-20T10:28:30","date_gmt":"2025-11-20T09:28:30","guid":{"rendered":"https:\/\/dmd.eu\/?post_type=product&#038;p=51055"},"modified":"2025-12-02T00:13:16","modified_gmt":"2025-12-01T23:13:16","slug":"rocket-cream","status":"publish","type":"product","link":"https:\/\/dmd.eu\/fr\/prodotto\/ventes\/casques-sale\/rocket-cream\/","title":{"rendered":"ROCKET CREAM"},"content":{"rendered":"<p>Le <strong>casque int\u00e9graux Rocket Cream<\/strong> est tr\u00e8s l\u00e9ger, avec un design vintage et offre un maximum de s\u00e9curit\u00e9 et de confort. Gr\u00e2ce \u00e0 sa couleur neutre, il s&rsquo;adapte \u00e0 tous les types de motos. La couleur cr\u00e8me brillante et le mod\u00e8le embl\u00e9matique des ann\u00e9es 1970 le rendent sp\u00e9cial et unique.<br \/>\nSi vous aimez parcourir de longues distances en moto, le casque int\u00e9graux Rocket Cream est fait pour vous.<\/p>\n","protected":false},"excerpt":{"rendered":"<p>Le casque int\u00e9graux Rocket Cream est tr\u00e8s l\u00e9ger, avec un design vintage et offre un maximum de s\u00e9curit\u00e9 et de confort. Gr\u00e2ce \u00e0 sa couleur neutre, il s&rsquo;adapte \u00e0 tous les types de motos. La couleur cr\u00e8me brillante et le mod\u00e8le embl\u00e9matique des ann\u00e9es 1970 le rendent sp\u00e9cial et unique. Si vous aimez parcourir de [&hellip;]<\/p>\n","protected":false},"featured_media":51088,"comment_status":"closed","ping_status":"closed","template":"","meta":{"_acf_changed":false},"product_brand":[],"product_cat":[421,408],"product_tag":[],"giftcard-category":[],"class_list":{"0":"post-51055","1":"product","2":"type-product","3":"status-publish","4":"has-post-thumbnail","6":"product_cat-casques-sale","7":"product_cat-ventes","9":"first","10":"instock","11":"sale","12":"taxable","13":"shipping-taxable","14":"purchasable","15":"product-type-variable"},"acf":[],"jetpack_sharing_enabled":true,"_links":{"self":[{"href":"https:\/\/dmd.eu\/fr\/wp-json\/wp\/v2\/product\/51055","targetHints":{"allow":["GET"]}}],"collection":[{"href":"https:\/\/dmd.eu\/fr\/wp-json\/wp\/v2\/product"}],"about":[{"href":"https:\/\/dmd.eu\/fr\/wp-json\/wp\/v2\/types\/product"}],"replies":[{"embeddable":true,"href":"https:\/\/dmd.eu\/fr\/wp-json\/wp\/v2\/comments?post=51055"}],"wp:featuredmedia":[{"embeddable":true,"href":"https:\/\/dmd.eu\/fr\/wp-json\/wp\/v2\/media\/51088"}],"wp:attachment":[{"href":"https:\/\/dmd.eu\/fr\/wp-json\/wp\/v2\/media?parent=51055"}],"wp:term":[{"taxonomy":"product_brand","embeddable":true,"href":"https:\/\/dmd.eu\/fr\/wp-json\/wp\/v2\/product_brand?post=51055"},{"taxonomy":"product_cat","embeddable":true,"href":"https:\/\/dmd.eu\/fr\/wp-json\/wp\/v2\/product_cat?post=51055"},{"taxonomy":"product_tag","embeddable":true,"href":"https:\/\/dmd.eu\/fr\/wp-json\/wp\/v2\/product_tag?post=51055"},{"taxonomy":"giftcard-category","embeddable":true,"href":"https:\/\/dmd.eu\/fr\/wp-json\/wp\/v2\/giftcard-category?post=51055"}],"curies":[{"name":"wp","href":"https:\/\/api.w.org\/{rel}","templated":true}]}}