{"id":50028,"date":"2025-10-23T16:50:57","date_gmt":"2025-10-23T14:50:57","guid":{"rendered":"https:\/\/dmd.eu\/?post_type=product&#038;p=50028"},"modified":"2026-02-03T17:33:17","modified_gmt":"2026-02-03T16:33:17","slug":"solo-rider-tabacco","status":"publish","type":"product","link":"https:\/\/dmd.eu\/fr\/prodotto\/vetements-moto\/vestes\/solo-rider-tabacco\/","title":{"rendered":"SOLO RIDER TOBACCO"},"content":{"rendered":"<p><strong>Solo Rider \u2013 Blouson moto vintage, protecteur et homologu\u00e9 CE AA<\/strong>.<strong><br \/>\n<\/strong>Fabriqu\u00e9 en coton cir\u00e9 d\u00e9perlant, le Solo Rider est le blouson de motard classique, con\u00e7u pour chaque voyage.<br \/>\nLe mod\u00e8le regorge de d\u00e9tails, notamment les coudi\u00e8res matelass\u00e9es qui rappellent les vestes de course motocycliste des ann\u00e9es 1920.<\/p>\n<p>\ud83c\uddee\ud83c\uddf9 Fabriqu\u00e9 en Italie, avec passion.<\/p>\n","protected":false},"excerpt":{"rendered":"<p>Solo Rider \u2013 Blouson moto vintage, protecteur et homologu\u00e9 CE AA. Fabriqu\u00e9 en coton cir\u00e9 d\u00e9perlant, le Solo Rider est le blouson de motard classique, con\u00e7u pour chaque voyage. Le mod\u00e8le regorge de d\u00e9tails, notamment les coudi\u00e8res matelass\u00e9es qui rappellent les vestes de course motocycliste des ann\u00e9es 1920. \ud83c\uddee\ud83c\uddf9 Fabriqu\u00e9 en Italie, avec passion.<\/p>\n","protected":false},"featured_media":54418,"comment_status":"closed","ping_status":"closed","template":"","meta":{"_acf_changed":false},"product_brand":[],"product_cat":[367,263],"product_tag":[],"giftcard-category":[],"class_list":{"0":"post-50028","1":"product","2":"type-product","3":"status-publish","4":"has-post-thumbnail","6":"product_cat-vestes","7":"product_cat-vetements-moto","9":"first","10":"instock","11":"sale","12":"taxable","13":"shipping-taxable","14":"purchasable","15":"product-type-variable"},"acf":[],"jetpack_sharing_enabled":true,"_links":{"self":[{"href":"https:\/\/dmd.eu\/fr\/wp-json\/wp\/v2\/product\/50028","targetHints":{"allow":["GET"]}}],"collection":[{"href":"https:\/\/dmd.eu\/fr\/wp-json\/wp\/v2\/product"}],"about":[{"href":"https:\/\/dmd.eu\/fr\/wp-json\/wp\/v2\/types\/product"}],"replies":[{"embeddable":true,"href":"https:\/\/dmd.eu\/fr\/wp-json\/wp\/v2\/comments?post=50028"}],"wp:featuredmedia":[{"embeddable":true,"href":"https:\/\/dmd.eu\/fr\/wp-json\/wp\/v2\/media\/54418"}],"wp:attachment":[{"href":"https:\/\/dmd.eu\/fr\/wp-json\/wp\/v2\/media?parent=50028"}],"wp:term":[{"taxonomy":"product_brand","embeddable":true,"href":"https:\/\/dmd.eu\/fr\/wp-json\/wp\/v2\/product_brand?post=50028"},{"taxonomy":"product_cat","embeddable":true,"href":"https:\/\/dmd.eu\/fr\/wp-json\/wp\/v2\/product_cat?post=50028"},{"taxonomy":"product_tag","embeddable":true,"href":"https:\/\/dmd.eu\/fr\/wp-json\/wp\/v2\/product_tag?post=50028"},{"taxonomy":"giftcard-category","embeddable":true,"href":"https:\/\/dmd.eu\/fr\/wp-json\/wp\/v2\/giftcard-category?post=50028"}],"curies":[{"name":"wp","href":"https:\/\/api.w.org\/{rel}","templated":true}]}}