{"id":4900,"date":"2023-08-22T10:21:19","date_gmt":"2023-08-22T08:21:19","guid":{"rendered":"https:\/\/www.dmd.eu\/product\/non%20class\u00e9\/rocket-white\/"},"modified":"2025-12-02T00:14:41","modified_gmt":"2025-12-01T23:14:41","slug":"rocket-white","status":"publish","type":"product","link":"https:\/\/dmd.eu\/fr\/prodotto\/ventes\/casques-sale\/rocket-white\/","title":{"rendered":"ROCKET WHITE"},"content":{"rendered":"<p>Le <strong>casque int\u00e9graux Rocket White<\/strong> est tr\u00e8s l\u00e9ger, avec un design vintage et offre un maximum de s\u00e9curit\u00e9 et de confort. Gr\u00e2ce \u00e0 sa couleur neutre, il s&rsquo;adapte \u00e0 tous les types de motos. La couleur blanche brillante et le mod\u00e8le embl\u00e9matique des ann\u00e9es 1970 le rendent sp\u00e9cial et unique.<br \/>\nSi vous aimez parcourir de longues distances en moto, le casque int\u00e9graux Rocket White est fait pour vous.<\/p>\n","protected":false},"excerpt":{"rendered":"<p>Le casque int\u00e9graux Rocket White est tr\u00e8s l\u00e9ger, avec un design vintage et offre un maximum de s\u00e9curit\u00e9 et de confort. Gr\u00e2ce \u00e0 sa couleur neutre, il s&rsquo;adapte \u00e0 tous les types de motos. La couleur blanche brillante et le mod\u00e8le embl\u00e9matique des ann\u00e9es 1970 le rendent sp\u00e9cial et unique. Si vous aimez parcourir de [&hellip;]<\/p>\n","protected":false},"featured_media":4813,"comment_status":"closed","ping_status":"closed","template":"","meta":{"_acf_changed":false},"product_brand":[],"product_cat":[421,408],"product_tag":[],"giftcard-category":[],"class_list":{"0":"post-4900","1":"product","2":"type-product","3":"status-publish","4":"has-post-thumbnail","6":"product_cat-casques-sale","7":"product_cat-ventes","9":"first","10":"instock","11":"sale","12":"taxable","13":"shipping-taxable","14":"purchasable","15":"product-type-variable"},"acf":[],"jetpack_sharing_enabled":true,"_links":{"self":[{"href":"https:\/\/dmd.eu\/fr\/wp-json\/wp\/v2\/product\/4900","targetHints":{"allow":["GET"]}}],"collection":[{"href":"https:\/\/dmd.eu\/fr\/wp-json\/wp\/v2\/product"}],"about":[{"href":"https:\/\/dmd.eu\/fr\/wp-json\/wp\/v2\/types\/product"}],"replies":[{"embeddable":true,"href":"https:\/\/dmd.eu\/fr\/wp-json\/wp\/v2\/comments?post=4900"}],"wp:featuredmedia":[{"embeddable":true,"href":"https:\/\/dmd.eu\/fr\/wp-json\/wp\/v2\/media\/4813"}],"wp:attachment":[{"href":"https:\/\/dmd.eu\/fr\/wp-json\/wp\/v2\/media?parent=4900"}],"wp:term":[{"taxonomy":"product_brand","embeddable":true,"href":"https:\/\/dmd.eu\/fr\/wp-json\/wp\/v2\/product_brand?post=4900"},{"taxonomy":"product_cat","embeddable":true,"href":"https:\/\/dmd.eu\/fr\/wp-json\/wp\/v2\/product_cat?post=4900"},{"taxonomy":"product_tag","embeddable":true,"href":"https:\/\/dmd.eu\/fr\/wp-json\/wp\/v2\/product_tag?post=4900"},{"taxonomy":"giftcard-category","embeddable":true,"href":"https:\/\/dmd.eu\/fr\/wp-json\/wp\/v2\/giftcard-category?post=4900"}],"curies":[{"name":"wp","href":"https:\/\/api.w.org\/{rel}","templated":true}]}}