{"id":4893,"date":"2023-08-22T10:21:20","date_gmt":"2023-08-22T08:21:20","guid":{"rendered":"https:\/\/www.dmd.eu\/product\/non%20class\u00e9\/rocket-crayon-grey\/"},"modified":"2025-12-02T00:14:41","modified_gmt":"2025-12-01T23:14:41","slug":"rocket-crayon-grey","status":"publish","type":"product","link":"https:\/\/dmd.eu\/fr\/prodotto\/ventes\/casques-sale\/rocket-crayon-grey\/","title":{"rendered":"ROCKET CRAYON GREY"},"content":{"rendered":"<p>Le <strong>casque int\u00e9graux Rocket\u00a0Crayon Grey<\/strong> rappelle le premier mod\u00e8le de casque int\u00e9gral, mais il a \u00e9t\u00e9 mis \u00e0 jour avec toutes les normes d&rsquo;homologation modernes.<br \/>\nIl s&rsquo;agit d&rsquo;un mod\u00e8le qui s&rsquo;adapte parfaitement \u00e0 toute moto de style Vintage, gr\u00e2ce \u00e0 sa couleur grise monochrome avec une finition brillante.<br \/>\nSi vous aimez faire de longs trajets en moto, le casque int\u00e9graux Rocket Crayon Grey est id\u00e9al, gr\u00e2ce \u00e0 sa visi\u00e8re int\u00e9gr\u00e9e pour plus de s\u00e9curit\u00e9.<\/p>\n<p>*Mod\u00e8le homologu\u00e9 ECE 22.05, conforme \u00e0 la r\u00e9glementation routi\u00e8re, vous permettant de continuer \u00e0 l&rsquo;utiliser en toute s\u00e9curit\u00e9 et sans pr\u00e9occupations.<\/p>\n","protected":false},"excerpt":{"rendered":"<p>Le casque int\u00e9graux Rocket\u00a0Crayon Grey rappelle le premier mod\u00e8le de casque int\u00e9gral, mais il a \u00e9t\u00e9 mis \u00e0 jour avec toutes les normes d&rsquo;homologation modernes. Il s&rsquo;agit d&rsquo;un mod\u00e8le qui s&rsquo;adapte parfaitement \u00e0 toute moto de style Vintage, gr\u00e2ce \u00e0 sa couleur grise monochrome avec une finition brillante. Si vous aimez faire de longs trajets [&hellip;]<\/p>\n","protected":false},"featured_media":4722,"comment_status":"closed","ping_status":"closed","template":"","meta":{"_acf_changed":false},"product_brand":[],"product_cat":[421,408],"product_tag":[],"giftcard-category":[],"class_list":{"0":"post-4893","1":"product","2":"type-product","3":"status-publish","4":"has-post-thumbnail","6":"product_cat-casques-sale","7":"product_cat-ventes","9":"first","10":"instock","11":"sale","12":"taxable","13":"shipping-taxable","14":"purchasable","15":"product-type-variable"},"acf":[],"jetpack_sharing_enabled":true,"_links":{"self":[{"href":"https:\/\/dmd.eu\/fr\/wp-json\/wp\/v2\/product\/4893","targetHints":{"allow":["GET"]}}],"collection":[{"href":"https:\/\/dmd.eu\/fr\/wp-json\/wp\/v2\/product"}],"about":[{"href":"https:\/\/dmd.eu\/fr\/wp-json\/wp\/v2\/types\/product"}],"replies":[{"embeddable":true,"href":"https:\/\/dmd.eu\/fr\/wp-json\/wp\/v2\/comments?post=4893"}],"wp:featuredmedia":[{"embeddable":true,"href":"https:\/\/dmd.eu\/fr\/wp-json\/wp\/v2\/media\/4722"}],"wp:attachment":[{"href":"https:\/\/dmd.eu\/fr\/wp-json\/wp\/v2\/media?parent=4893"}],"wp:term":[{"taxonomy":"product_brand","embeddable":true,"href":"https:\/\/dmd.eu\/fr\/wp-json\/wp\/v2\/product_brand?post=4893"},{"taxonomy":"product_cat","embeddable":true,"href":"https:\/\/dmd.eu\/fr\/wp-json\/wp\/v2\/product_cat?post=4893"},{"taxonomy":"product_tag","embeddable":true,"href":"https:\/\/dmd.eu\/fr\/wp-json\/wp\/v2\/product_tag?post=4893"},{"taxonomy":"giftcard-category","embeddable":true,"href":"https:\/\/dmd.eu\/fr\/wp-json\/wp\/v2\/giftcard-category?post=4893"}],"curies":[{"name":"wp","href":"https:\/\/api.w.org\/{rel}","templated":true}]}}