{"id":4885,"date":"2023-08-22T10:21:19","date_gmt":"2023-08-22T08:21:19","guid":{"rendered":"https:\/\/www.dmd.eu\/product\/non%20class\u00e9\/rocket-black\/"},"modified":"2025-12-02T00:14:42","modified_gmt":"2025-12-01T23:14:42","slug":"rocket-black","status":"publish","type":"product","link":"https:\/\/dmd.eu\/fr\/prodotto\/ventes\/casques-sale\/rocket-black\/","title":{"rendered":"ROCKET BLACK"},"content":{"rendered":"<p>Le <strong>casque int\u00e9graux Rocket Black<\/strong> s&rsquo;inspire d&rsquo;un mod\u00e8le embl\u00e9matique des ann\u00e9es 1970. Il est tr\u00e8s l\u00e9ger, avec un design vintage, offrant un maximum de s\u00e9curit\u00e9 et de confort, qui, gr\u00e2ce \u00e0 sa couleur neutre noir brillante, s&rsquo;adapte \u00e0 tous les types de motos.<br \/>\nParfait pour les motocyclistes qui aiment le style vintage et qui recherchent un produit s\u00fbr, confortable et esth\u00e9tique, qu&rsquo;ils conduisent une moto Custom, Vintage ou Caf\u00e9 Racer.<\/p>\n<p>*Mod\u00e8le homologu\u00e9 ECE 22.05, conforme \u00e0 la r\u00e9glementation routi\u00e8re, vous permettant de continuer \u00e0 l&rsquo;utiliser en toute s\u00e9curit\u00e9 et sans pr\u00e9occupations.<\/p>\n","protected":false},"excerpt":{"rendered":"<p>Le casque int\u00e9graux Rocket Black s&rsquo;inspire d&rsquo;un mod\u00e8le embl\u00e9matique des ann\u00e9es 1970. Il est tr\u00e8s l\u00e9ger, avec un design vintage, offrant un maximum de s\u00e9curit\u00e9 et de confort, qui, gr\u00e2ce \u00e0 sa couleur neutre noir brillante, s&rsquo;adapte \u00e0 tous les types de motos. Parfait pour les motocyclistes qui aiment le style vintage et qui recherchent [&hellip;]<\/p>\n","protected":false},"featured_media":4687,"comment_status":"closed","ping_status":"closed","template":"","meta":{"_acf_changed":false},"product_brand":[],"product_cat":[421,408],"product_tag":[],"giftcard-category":[],"class_list":{"0":"post-4885","1":"product","2":"type-product","3":"status-publish","4":"has-post-thumbnail","6":"product_cat-casques-sale","7":"product_cat-ventes","9":"first","10":"instock","11":"sale","12":"taxable","13":"shipping-taxable","14":"purchasable","15":"product-type-variable"},"acf":[],"jetpack_sharing_enabled":true,"_links":{"self":[{"href":"https:\/\/dmd.eu\/fr\/wp-json\/wp\/v2\/product\/4885","targetHints":{"allow":["GET"]}}],"collection":[{"href":"https:\/\/dmd.eu\/fr\/wp-json\/wp\/v2\/product"}],"about":[{"href":"https:\/\/dmd.eu\/fr\/wp-json\/wp\/v2\/types\/product"}],"replies":[{"embeddable":true,"href":"https:\/\/dmd.eu\/fr\/wp-json\/wp\/v2\/comments?post=4885"}],"wp:featuredmedia":[{"embeddable":true,"href":"https:\/\/dmd.eu\/fr\/wp-json\/wp\/v2\/media\/4687"}],"wp:attachment":[{"href":"https:\/\/dmd.eu\/fr\/wp-json\/wp\/v2\/media?parent=4885"}],"wp:term":[{"taxonomy":"product_brand","embeddable":true,"href":"https:\/\/dmd.eu\/fr\/wp-json\/wp\/v2\/product_brand?post=4885"},{"taxonomy":"product_cat","embeddable":true,"href":"https:\/\/dmd.eu\/fr\/wp-json\/wp\/v2\/product_cat?post=4885"},{"taxonomy":"product_tag","embeddable":true,"href":"https:\/\/dmd.eu\/fr\/wp-json\/wp\/v2\/product_tag?post=4885"},{"taxonomy":"giftcard-category","embeddable":true,"href":"https:\/\/dmd.eu\/fr\/wp-json\/wp\/v2\/giftcard-category?post=4885"}],"curies":[{"name":"wp","href":"https:\/\/api.w.org\/{rel}","templated":true}]}}