{"id":47564,"date":"2025-07-30T10:47:06","date_gmt":"2025-07-30T08:47:06","guid":{"rendered":"https:\/\/dmd.eu\/?post_type=product&#038;p=47564"},"modified":"2025-12-02T00:13:19","modified_gmt":"2025-12-01T23:13:19","slug":"fear-black","status":"publish","type":"product","link":"https:\/\/dmd.eu\/fr\/prodotto\/ventes\/vetements\/fear-black\/","title":{"rendered":"FEAR BLACK"},"content":{"rendered":"<p>Le <strong>sweat-shirt<\/strong> col rond <strong>Fear Black<\/strong> est con\u00e7u pour offrir un maximum de confort. Id\u00e9al pour chaque saison de l&rsquo;ann\u00e9e, est fabriqu\u00e9 en coton 100 % dans la couleur gris. Il pr\u00e9sente une s\u00e9rigraphie avec des \u00e9critures et des graphiques essentiels.<\/p>\n","protected":false},"excerpt":{"rendered":"<p>Le sweat-shirt col rond Fear Black est con\u00e7u pour offrir un maximum de confort. Id\u00e9al pour chaque saison de l&rsquo;ann\u00e9e, est fabriqu\u00e9 en coton 100 % dans la couleur gris. Il pr\u00e9sente une s\u00e9rigraphie avec des \u00e9critures et des graphiques essentiels.<\/p>\n","protected":false},"featured_media":47876,"comment_status":"closed","ping_status":"closed","template":"","meta":{"_acf_changed":false},"product_brand":[],"product_cat":[408,418],"product_tag":[],"giftcard-category":[],"class_list":{"0":"post-47564","1":"product","2":"type-product","3":"status-publish","4":"has-post-thumbnail","6":"product_cat-ventes","7":"product_cat-vetements","9":"first","10":"instock","11":"sale","12":"taxable","13":"shipping-taxable","14":"purchasable","15":"product-type-variable"},"acf":[],"jetpack_sharing_enabled":true,"_links":{"self":[{"href":"https:\/\/dmd.eu\/fr\/wp-json\/wp\/v2\/product\/47564","targetHints":{"allow":["GET"]}}],"collection":[{"href":"https:\/\/dmd.eu\/fr\/wp-json\/wp\/v2\/product"}],"about":[{"href":"https:\/\/dmd.eu\/fr\/wp-json\/wp\/v2\/types\/product"}],"replies":[{"embeddable":true,"href":"https:\/\/dmd.eu\/fr\/wp-json\/wp\/v2\/comments?post=47564"}],"wp:featuredmedia":[{"embeddable":true,"href":"https:\/\/dmd.eu\/fr\/wp-json\/wp\/v2\/media\/47876"}],"wp:attachment":[{"href":"https:\/\/dmd.eu\/fr\/wp-json\/wp\/v2\/media?parent=47564"}],"wp:term":[{"taxonomy":"product_brand","embeddable":true,"href":"https:\/\/dmd.eu\/fr\/wp-json\/wp\/v2\/product_brand?post=47564"},{"taxonomy":"product_cat","embeddable":true,"href":"https:\/\/dmd.eu\/fr\/wp-json\/wp\/v2\/product_cat?post=47564"},{"taxonomy":"product_tag","embeddable":true,"href":"https:\/\/dmd.eu\/fr\/wp-json\/wp\/v2\/product_tag?post=47564"},{"taxonomy":"giftcard-category","embeddable":true,"href":"https:\/\/dmd.eu\/fr\/wp-json\/wp\/v2\/giftcard-category?post=47564"}],"curies":[{"name":"wp","href":"https:\/\/api.w.org\/{rel}","templated":true}]}}