{"id":47422,"date":"2025-07-29T15:45:16","date_gmt":"2025-07-29T13:45:16","guid":{"rendered":"https:\/\/dmd.eu\/?post_type=product&#038;p=47422"},"modified":"2025-12-26T11:16:44","modified_gmt":"2025-12-26T10:16:44","slug":"flip-up-bubble-visor","status":"publish","type":"product","link":"https:\/\/dmd.eu\/fr\/prodotto\/casques-jet\/accessoires\/flip-up-bubble-visor\/","title":{"rendered":"FLIP-UP BUBBLE VISOR"},"content":{"rendered":"<p>L\u2019<strong>accessoire Flip-Up Bubble Visor<\/strong> est con\u00e7u pour les casques jet DMD et peut \u00eatre fix\u00e9 gr\u00e2ce aux boutons pr\u00e9sents sur la coque du casque. Cette visi\u00e8re peut \u00eatre relev\u00e9e ou abaiss\u00e9e \u00e0 tout moment. La <strong>Flip-Up Bubble Visor<\/strong> pour casques jet est disponible avec un \u00e9cran clair ou fonc\u00e9.<\/p>\n","protected":false},"excerpt":{"rendered":"<p>L\u2019accessoire Flip-Up Bubble Visor est con\u00e7u pour les casques jet DMD et peut \u00eatre fix\u00e9 gr\u00e2ce aux boutons pr\u00e9sents sur la coque du casque. Cette visi\u00e8re peut \u00eatre relev\u00e9e ou abaiss\u00e9e \u00e0 tout moment. La Flip-Up Bubble Visor pour casques jet est disponible avec un \u00e9cran clair ou fonc\u00e9.<\/p>\n","protected":false},"featured_media":47442,"comment_status":"closed","ping_status":"closed","template":"","meta":{"_acf_changed":false},"product_brand":[],"product_cat":[182,120],"product_tag":[],"giftcard-category":[],"class_list":{"0":"post-47422","1":"product","2":"type-product","3":"status-publish","4":"has-post-thumbnail","6":"product_cat-accessoires","7":"product_cat-casques-jet","9":"first","10":"instock","11":"taxable","12":"shipping-taxable","13":"purchasable","14":"product-type-variable"},"acf":[],"jetpack_sharing_enabled":true,"_links":{"self":[{"href":"https:\/\/dmd.eu\/fr\/wp-json\/wp\/v2\/product\/47422","targetHints":{"allow":["GET"]}}],"collection":[{"href":"https:\/\/dmd.eu\/fr\/wp-json\/wp\/v2\/product"}],"about":[{"href":"https:\/\/dmd.eu\/fr\/wp-json\/wp\/v2\/types\/product"}],"replies":[{"embeddable":true,"href":"https:\/\/dmd.eu\/fr\/wp-json\/wp\/v2\/comments?post=47422"}],"wp:featuredmedia":[{"embeddable":true,"href":"https:\/\/dmd.eu\/fr\/wp-json\/wp\/v2\/media\/47442"}],"wp:attachment":[{"href":"https:\/\/dmd.eu\/fr\/wp-json\/wp\/v2\/media?parent=47422"}],"wp:term":[{"taxonomy":"product_brand","embeddable":true,"href":"https:\/\/dmd.eu\/fr\/wp-json\/wp\/v2\/product_brand?post=47422"},{"taxonomy":"product_cat","embeddable":true,"href":"https:\/\/dmd.eu\/fr\/wp-json\/wp\/v2\/product_cat?post=47422"},{"taxonomy":"product_tag","embeddable":true,"href":"https:\/\/dmd.eu\/fr\/wp-json\/wp\/v2\/product_tag?post=47422"},{"taxonomy":"giftcard-category","embeddable":true,"href":"https:\/\/dmd.eu\/fr\/wp-json\/wp\/v2\/giftcard-category?post=47422"}],"curies":[{"name":"wp","href":"https:\/\/api.w.org\/{rel}","templated":true}]}}