{"id":47311,"date":"2025-07-29T10:48:12","date_gmt":"2025-07-29T08:48:12","guid":{"rendered":"https:\/\/dmd.eu\/?post_type=product&#038;p=47311"},"modified":"2026-03-01T08:28:52","modified_gmt":"2026-03-01T07:28:52","slug":"respect-shadow-black","status":"publish","type":"product","link":"https:\/\/dmd.eu\/fr\/prodotto\/ventes\/vetements\/respect-shadow-black\/","title":{"rendered":"RESPECT SHADOW BLACK"},"content":{"rendered":"<p>Le <strong>t-shirt<\/strong> col rond \u00e0 manches courtes <strong>Respect shadow black<\/strong> est con\u00e7u pour offrir un maximum de confort. Id\u00e9al pour chaque saison de l&rsquo;ann\u00e9e, est fabriqu\u00e9 \u00e0 partir de 100% coton dans la couleur blanc. Il pr\u00e9sente une s\u00e9rigraphie avec des \u00e9critures et des graphiques essentiels.<\/p>\n","protected":false},"excerpt":{"rendered":"<p>Le t-shirt col rond \u00e0 manches courtes Respect shadow black est con\u00e7u pour offrir un maximum de confort. Id\u00e9al pour chaque saison de l&rsquo;ann\u00e9e, est fabriqu\u00e9 \u00e0 partir de 100% coton dans la couleur blanc. Il pr\u00e9sente une s\u00e9rigraphie avec des \u00e9critures et des graphiques essentiels.<\/p>\n","protected":false},"featured_media":47400,"comment_status":"closed","ping_status":"closed","template":"","meta":{"_acf_changed":false},"product_brand":[],"product_cat":[408,418],"product_tag":[],"giftcard-category":[],"class_list":{"0":"post-47311","1":"product","2":"type-product","3":"status-publish","4":"has-post-thumbnail","6":"product_cat-ventes","7":"product_cat-vetements","9":"first","10":"instock","11":"sale","12":"taxable","13":"shipping-taxable","14":"purchasable","15":"product-type-variable"},"acf":[],"jetpack_sharing_enabled":true,"_links":{"self":[{"href":"https:\/\/dmd.eu\/fr\/wp-json\/wp\/v2\/product\/47311","targetHints":{"allow":["GET"]}}],"collection":[{"href":"https:\/\/dmd.eu\/fr\/wp-json\/wp\/v2\/product"}],"about":[{"href":"https:\/\/dmd.eu\/fr\/wp-json\/wp\/v2\/types\/product"}],"replies":[{"embeddable":true,"href":"https:\/\/dmd.eu\/fr\/wp-json\/wp\/v2\/comments?post=47311"}],"wp:featuredmedia":[{"embeddable":true,"href":"https:\/\/dmd.eu\/fr\/wp-json\/wp\/v2\/media\/47400"}],"wp:attachment":[{"href":"https:\/\/dmd.eu\/fr\/wp-json\/wp\/v2\/media?parent=47311"}],"wp:term":[{"taxonomy":"product_brand","embeddable":true,"href":"https:\/\/dmd.eu\/fr\/wp-json\/wp\/v2\/product_brand?post=47311"},{"taxonomy":"product_cat","embeddable":true,"href":"https:\/\/dmd.eu\/fr\/wp-json\/wp\/v2\/product_cat?post=47311"},{"taxonomy":"product_tag","embeddable":true,"href":"https:\/\/dmd.eu\/fr\/wp-json\/wp\/v2\/product_tag?post=47311"},{"taxonomy":"giftcard-category","embeddable":true,"href":"https:\/\/dmd.eu\/fr\/wp-json\/wp\/v2\/giftcard-category?post=47311"}],"curies":[{"name":"wp","href":"https:\/\/api.w.org\/{rel}","templated":true}]}}